{"id":1902,"date":"2022-03-06T18:04:51","date_gmt":"2022-03-06T15:04:51","guid":{"rendered":"http:\/\/www.ronesans.org.tr\/v3\/?page_id=1902"},"modified":"2022-03-30T21:47:37","modified_gmt":"2022-03-30T18:47:37","slug":"iletisim","status":"publish","type":"page","link":"http:\/\/www.ronesans.org.tr\/v3\/iletisim\/","title":{"rendered":"\u0130leti\u015fim"},"content":{"rendered":"\n<figure class=\"wp-block-image size-full is-resized\"><a href=\"https:\/\/i0.wp.com\/www.ronesans.org.tr\/v3\/wp-content\/uploads\/2014\/03\/contact-us.jpg\"><img loading=\"lazy\" src=\"https:\/\/i0.wp.com\/www.ronesans.org.tr\/v3\/wp-content\/uploads\/2014\/03\/contact-us.jpg?resize=368%2C178\" alt=\"\" class=\"wp-image-398\" width=\"368\" height=\"178\" srcset=\"https:\/\/i0.wp.com\/www.ronesans.org.tr\/v3\/wp-content\/uploads\/2014\/03\/contact-us.jpg?w=770 770w, https:\/\/i0.wp.com\/www.ronesans.org.tr\/v3\/wp-content\/uploads\/2014\/03\/contact-us.jpg?resize=300%2C145 300w\" sizes=\"(max-width: 368px) 100vw, 368px\" data-recalc-dims=\"1\" \/><\/a><\/figure>\n\n\n\n<p class=\"has-text-align-center\"><strong>R\u00f6nesans Enstit\u00fcs\u00fc<\/strong><\/p>\n\n\n\n<p><strong>Resmi Ad\u0131<\/strong>: R\u00f6nesans Enstit\u00fcs\u00fc Derne\u011fi <\/p>\n\n\n\n<p><strong>K\u00fct\u00fck No<\/strong>: 06-111-020<\/p>\n\n\n\n<p><strong>Merkez Adresi: <\/strong>Fatih Mahallesi Vak\u0131f Caddesi Pilot Bnb. M. Oguz Sever Sokak No:1 Kahramankazan &#8211; ANKARA &#8211; T\u00dcRK\u0130YE 06980<\/p>\n\n\n\n<p><strong>Social Media:<\/strong><\/p>\n\n\n\n<p><a href=\"https:\/\/www.linkedin.com\/company\/5895503\">https:\/\/www.linkedin.com\/company\/5895503<\/a><\/p>\n\n\n\n<p><a href=\"https:\/\/www.instagram.com\/renaissance_tr\">https:\/\/www.instagram.com\/renaissance_tr<\/a><\/p>\n\n\n\n<p><a href=\"https:\/\/www.facebook.com\/renaissancetr\">https:\/\/www.facebook.com\/renaissancetr<\/a><\/p>\n\n\n\n<figure class=\"wp-block-embed is-type-rich is-provider-twitter wp-block-embed-twitter\"><div class=\"wp-block-embed__wrapper\">\n<a class=\"twitter-timeline\" data-width=\"720\" data-height=\"1000\" data-dnt=\"true\" href=\"https:\/\/twitter.com\/renaissance_tr?ref_src=twsrc%5Etfw\">Tweets by renaissance_tr<\/a><script async src=\"https:\/\/platform.twitter.com\/widgets.js\" charset=\"utf-8\"><\/script>\n<\/div><\/figure>\n\n\n\n<p><strong>E-<\/strong>posta: info@ronesans.org.tr<\/p>\n","protected":false},"excerpt":{"rendered":"<p>R\u00f6nesans Enstit\u00fcs\u00fc Resmi Ad\u0131: R\u00f6nesans Enstit\u00fcs\u00fc Derne\u011fi K\u00fct\u00fck No: 06-111-020 Merkez Adresi: Fatih Mahallesi Vak\u0131f Caddesi Pilot Bnb. M. Oguz Sever Sokak No:1 Kahramankazan &#8211; ANKARA &#8211; T\u00dcRK\u0130YE 06980 Social Media: https:\/\/www.linkedin.com\/company\/5895503 https:\/\/www.instagram.com\/renaissance_tr https:\/\/www.facebook.com\/renaissancetr E-posta: [&hellip;]<\/p>\n","protected":false},"author":1,"featured_media":398,"parent":0,"menu_order":0,"comment_status":"closed","ping_status":"closed","template":"","meta":{"spay_email":""},"jetpack_sharing_enabled":true,"jetpack-related-posts":[{"id":1971,"url":"http:\/\/www.ronesans.org.tr\/v3\/misyonumuz-vizyonumuz\/","url_meta":{"origin":1902,"position":0},"title":"Misyonumuz &#038; Vizyonumuz","date":"6 March 2022","format":false,"excerpt":"R\u00f6nesans Enstit\u00fcs\u00fc, s\u00fcrd\u00fcr\u00fclebilir kalk\u0131nma ad\u0131na e\u011fitim ve yenilik\u00e7i projelerle toplumsal katma de\u011fer sa\u011flamaya \u00e7al\u0131\u015fan bireylerden olu\u015fan bir Sivil Toplum Kurulu\u015fudur. \u00dcyelerimiz, toplumlar\u0131 ile daha yak\u0131n ili\u015fkiler sayesinde hizmet sunumunda daha yenilik\u00e7i olabildikleri i\u00e7in, iyi kamu hizmetlerinin sunulmas\u0131 a\u00e7\u0131s\u0131ndan sosyal giri\u015fimlerin ve g\u00f6n\u00fcll\u00fc kurulu\u015flar\u0131n \u00f6nemine inanmaktad\u0131r. Bir Sivil Toplum Kurulu\u015fu olarak\u2026","rel":"","context":"Similar post","img":{"alt_text":"","src":"","width":0,"height":0},"classes":[]},{"id":1935,"url":"http:\/\/www.ronesans.org.tr\/v3\/genclik-orgutleri-forumu\/","url_meta":{"origin":1902,"position":1},"title":"Gen\u00e7lik \u00d6rg\u00fctleri Forumu","date":"6 March 2022","format":false,"excerpt":"R\u00f6nesans Enstit\u00fcs\u00fc, 28 Ocak 2014 tarihinden bu yana Ulusal Gen\u00e7lik Konseyi olarak g\u00f6rev yapan T\u00fcrkiye Gen\u00e7lik \u00d6rg\u00fctleri Forumu'nun 28 kurucu \u00fcyesinden biridir. Aral\u0131k 2016'dan bu yana R\u00f6nesans Enstit\u00fcs\u00fc Derne\u011fi, Gen\u00e7lik \u00d6rg\u00fctleri Forumu'nun iki y\u0131l s\u00fcreyle y\u00f6netim kurulu \u00fcyesi olmu\u015ftur. \u0130lk olarak 2003 y\u0131l\u0131nda \"T\u00fcrkiye Ulusal Gen\u00e7lik Konseyi Giri\u015fimi - T\u00dcGEK\"\u2026","rel":"","context":"Similar post","img":{"alt_text":"","src":"https:\/\/i0.wp.com\/www.ronesans.org.tr\/v3\/wp-content\/uploads\/2017\/01\/logo_gofor.png?fit=400%2C400&resize=350%2C200","width":350,"height":200},"classes":[]},{"id":1944,"url":"http:\/\/www.ronesans.org.tr\/v3\/gonulluluk\/","url_meta":{"origin":1902,"position":2},"title":"G\u00f6n\u00fcll\u00fcl\u00fck","date":"6 March 2022","format":false,"excerpt":"R\u00f6nesans Enstit\u00fcs\u00fc, hem profesyonelleri hem de gen\u00e7leri faaliyetlere dahil ederek g\u00f6n\u00fcll\u00fcl\u00fck \u015fans\u0131 sunuyor. \u00a0 Enstit\u00fc, gen\u00e7ler i\u00e7in gen\u00e7lik de\u011fi\u015fimleri, gen\u00e7lik giri\u015fimleri, avrupa g\u00f6n\u00fcll\u00fc hizmetleri ve ayr\u0131ca yerel\/b\u00f6lgesel etkinliklere kat\u0131l\u0131m \u015fans\u0131 sunmaktad\u0131r. Bu gen\u00e7lerin 18-30 ya\u015flar\u0131nda olmalar\u0131 ve sosyal alanda \u00e7al\u0131\u015fmaya motive olmalar\u0131 beklenmektedir. Gen\u00e7ler web i\u00e7erik edit\u00f6r\u00fc, sosyal medya y\u00f6netimi,\u2026","rel":"","context":"Similar post","img":{"alt_text":"","src":"https:\/\/i0.wp.com\/www.ronesans.org.tr\/v3\/wp-content\/uploads\/2014\/12\/volunteering-e1321813484543.jpg?fit=730%2C365&resize=350%2C200","width":350,"height":200},"classes":[]},{"id":1949,"url":"http:\/\/www.ronesans.org.tr\/v3\/takimimiz\/","url_meta":{"origin":1902,"position":3},"title":"Tak\u0131m\u0131m\u0131z","date":"6 March 2022","format":false,"excerpt":"","rel":"","context":"Similar post","img":{"alt_text":"","src":"","width":0,"height":0},"classes":[]},{"id":1974,"url":"http:\/\/www.ronesans.org.tr\/v3\/uyelik\/","url_meta":{"origin":1902,"position":4},"title":"\u00dcyelik","date":"6 March 2022","format":false,"excerpt":"\u00dcyelik ba\u015fvurusu yapabilmek i\u00e7in \u00fcyelik ba\u015fvuru formunu doldurup imzalaman\u0131z gerekmektedir. R\u00f6nesans Enstit\u00fcs\u00fc'n\u00fcn adresine g\u00f6nderin. \u00a0 \u00dcyelik Ba\u015fvuru Formu","rel":"","context":"Similar post","img":{"alt_text":"","src":"","width":0,"height":0},"classes":[]},{"id":1963,"url":"http:\/\/www.ronesans.org.tr\/v3\/referanslar\/","url_meta":{"origin":1902,"position":5},"title":"Referanslar","date":"6 March 2022","format":false,"excerpt":"R\u00f6nesans Enstit\u00fcs\u00fc'n\u00fcn Hizmetlerinden Yararlanan Kurum ve Kurulu\u015flar Ankara \u00dcniversitesi Hacettepe \u00dcniversitesi Erzincan \u00dcniversitesi Siirt \u00dcniversitesi Siirt Valili\u011fi Spor Genel M\u00fcd\u00fcrl\u00fc\u011f\u00fc Oryantiring Federasyonu T\u00fcrk K\u0131z\u0131lay\u0131 European Cooperative Youth Cooperative Network SER\u00c7EV KADAK","rel":"","context":"Similar post","img":{"alt_text":"","src":"","width":0,"height":0},"classes":[]}],"_links":{"self":[{"href":"http:\/\/www.ronesans.org.tr\/v3\/wp-json\/wp\/v2\/pages\/1902"}],"collection":[{"href":"http:\/\/www.ronesans.org.tr\/v3\/wp-json\/wp\/v2\/pages"}],"about":[{"href":"http:\/\/www.ronesans.org.tr\/v3\/wp-json\/wp\/v2\/types\/page"}],"author":[{"embeddable":true,"href":"http:\/\/www.ronesans.org.tr\/v3\/wp-json\/wp\/v2\/users\/1"}],"replies":[{"embeddable":true,"href":"http:\/\/www.ronesans.org.tr\/v3\/wp-json\/wp\/v2\/comments?post=1902"}],"version-history":[{"count":3,"href":"http:\/\/www.ronesans.org.tr\/v3\/wp-json\/wp\/v2\/pages\/1902\/revisions"}],"predecessor-version":[{"id":2087,"href":"http:\/\/www.ronesans.org.tr\/v3\/wp-json\/wp\/v2\/pages\/1902\/revisions\/2087"}],"wp:featuredmedia":[{"embeddable":true,"href":"http:\/\/www.ronesans.org.tr\/v3\/wp-json\/wp\/v2\/media\/398"}],"wp:attachment":[{"href":"http:\/\/www.ronesans.org.tr\/v3\/wp-json\/wp\/v2\/media?parent=1902"}],"curies":[{"name":"wp","href":"https:\/\/api.w.org\/{rel}","templated":true}]}}