{"id":1926,"date":"2022-03-06T18:30:49","date_gmt":"2022-03-06T15:30:49","guid":{"rendered":"http:\/\/www.ronesans.org.tr\/v3\/?page_id=1926"},"modified":"2022-03-06T18:31:04","modified_gmt":"2022-03-06T15:31:04","slug":"denetim-kurulu","status":"publish","type":"page","link":"http:\/\/www.ronesans.org.tr\/v3\/denetim-kurulu\/","title":{"rendered":"Denetim Kurulu"},"content":{"rendered":"","protected":false},"excerpt":{"rendered":"","protected":false},"author":4,"featured_media":0,"parent":0,"menu_order":0,"comment_status":"closed","ping_status":"closed","template":"","meta":{"spay_email":""},"jetpack_sharing_enabled":true,"jetpack-related-posts":[{"id":1894,"url":"http:\/\/www.ronesans.org.tr\/v3\/yonetim-kurulu\/","url_meta":{"origin":1926,"position":0},"title":"Y\u00f6netim Kurulu","date":"6 March 2022","format":false,"excerpt":"2022-2023 Y\u00f6netim Kurulumuz","rel":"","context":"Similar post","img":{"alt_text":"","src":"","width":0,"height":0},"classes":[]},{"id":1935,"url":"http:\/\/www.ronesans.org.tr\/v3\/genclik-orgutleri-forumu\/","url_meta":{"origin":1926,"position":1},"title":"Gen\u00e7lik \u00d6rg\u00fctleri Forumu","date":"6 March 2022","format":false,"excerpt":"R\u00f6nesans Enstit\u00fcs\u00fc, 28 Ocak 2014 tarihinden bu yana Ulusal Gen\u00e7lik Konseyi olarak g\u00f6rev yapan T\u00fcrkiye Gen\u00e7lik \u00d6rg\u00fctleri Forumu'nun 28 kurucu \u00fcyesinden biridir. Aral\u0131k 2016'dan bu yana R\u00f6nesans Enstit\u00fcs\u00fc Derne\u011fi, Gen\u00e7lik \u00d6rg\u00fctleri Forumu'nun iki y\u0131l s\u00fcreyle y\u00f6netim kurulu \u00fcyesi olmu\u015ftur. \u0130lk olarak 2003 y\u0131l\u0131nda \"T\u00fcrkiye Ulusal Gen\u00e7lik Konseyi Giri\u015fimi - T\u00dcGEK\"\u2026","rel":"","context":"Similar post","img":{"alt_text":"","src":"https:\/\/i0.wp.com\/www.ronesans.org.tr\/v3\/wp-content\/uploads\/2017\/01\/logo_gofor.png?fit=400%2C400&resize=350%2C200","width":350,"height":200},"classes":[]}],"_links":{"self":[{"href":"http:\/\/www.ronesans.org.tr\/v3\/wp-json\/wp\/v2\/pages\/1926"}],"collection":[{"href":"http:\/\/www.ronesans.org.tr\/v3\/wp-json\/wp\/v2\/pages"}],"about":[{"href":"http:\/\/www.ronesans.org.tr\/v3\/wp-json\/wp\/v2\/types\/page"}],"author":[{"embeddable":true,"href":"http:\/\/www.ronesans.org.tr\/v3\/wp-json\/wp\/v2\/users\/4"}],"replies":[{"embeddable":true,"href":"http:\/\/www.ronesans.org.tr\/v3\/wp-json\/wp\/v2\/comments?post=1926"}],"version-history":[{"count":1,"href":"http:\/\/www.ronesans.org.tr\/v3\/wp-json\/wp\/v2\/pages\/1926\/revisions"}],"predecessor-version":[{"id":1928,"href":"http:\/\/www.ronesans.org.tr\/v3\/wp-json\/wp\/v2\/pages\/1926\/revisions\/1928"}],"wp:attachment":[{"href":"http:\/\/www.ronesans.org.tr\/v3\/wp-json\/wp\/v2\/media?parent=1926"}],"curies":[{"name":"wp","href":"https:\/\/api.w.org\/{rel}","templated":true}]}}