{"id":1944,"date":"2022-03-06T18:36:06","date_gmt":"2022-03-06T15:36:06","guid":{"rendered":"http:\/\/www.ronesans.org.tr\/v3\/?page_id=1944"},"modified":"2022-03-06T18:36:06","modified_gmt":"2022-03-06T15:36:06","slug":"gonulluluk","status":"publish","type":"page","link":"http:\/\/www.ronesans.org.tr\/v3\/gonulluluk\/","title":{"rendered":"G\u00f6n\u00fcll\u00fcl\u00fck"},"content":{"rendered":"<p>R\u00f6nesans Enstit\u00fcs\u00fc, hem profesyonelleri hem de gen\u00e7leri faaliyetlere dahil ederek g\u00f6n\u00fcll\u00fcl\u00fck \u015fans\u0131 sunuyor.<\/p>\n<p>&nbsp;<\/p>\n<p>Enstit\u00fc, gen\u00e7ler i\u00e7in gen\u00e7lik de\u011fi\u015fimleri, gen\u00e7lik giri\u015fimleri, avrupa g\u00f6n\u00fcll\u00fc hizmetleri ve ayr\u0131ca yerel\/b\u00f6lgesel etkinliklere kat\u0131l\u0131m \u015fans\u0131 sunmaktad\u0131r. Bu gen\u00e7lerin 18-30 ya\u015flar\u0131nda olmalar\u0131 ve sosyal alanda \u00e7al\u0131\u015fmaya motive olmalar\u0131 beklenmektedir. Gen\u00e7ler web i\u00e7erik edit\u00f6r\u00fc, sosyal medya y\u00f6netimi, \u00e7eviri, proje asistanl\u0131\u011f\u0131 gibi g\u00f6revleri yerine getirmek i\u00e7in g\u00f6n\u00fcll\u00fc olabilirler.<\/p>\n<p>Profesyonel iseniz, Enstit\u00fc&#8217;de dan\u0131\u015fman, proje y\u00f6neticisi, e\u011fitmen, mentor, terc\u00fcman, web i\u00e7erik edit\u00f6r\u00fc, sosyal medya y\u00f6netimi olarak sanal g\u00f6n\u00fcll\u00fcl\u00fck\/g\u00f6n\u00fcll\u00fcl\u00fck yapabilirsiniz.<\/p>\n<p>&nbsp;<\/p>\n<p>Daha iyi bir d\u00fcnya in\u015fa etmemize katk\u0131lar\u0131n\u0131z i\u00e7in te\u015fekk\u00fcr ederiz!<\/p>\n<p>Daha fazla g\u00f6n\u00fcll\u00fcl\u00fck se\u00e7ene\u011fi i\u00e7in l\u00fctfen info@ronesans.org.tr ile ileti\u015fime ge\u00e7in.<\/p>\n","protected":false},"excerpt":{"rendered":"<p>R\u00f6nesans Enstit\u00fcs\u00fc, hem profesyonelleri hem de gen\u00e7leri faaliyetlere dahil ederek g\u00f6n\u00fcll\u00fcl\u00fck \u015fans\u0131 sunuyor. &nbsp; Enstit\u00fc, gen\u00e7ler i\u00e7in gen\u00e7lik de\u011fi\u015fimleri, gen\u00e7lik giri\u015fimleri, avrupa g\u00f6n\u00fcll\u00fc hizmetleri ve ayr\u0131ca yerel\/b\u00f6lgesel etkinliklere kat\u0131l\u0131m \u015fans\u0131 sunmaktad\u0131r. Bu gen\u00e7lerin 18-30 ya\u015flar\u0131nda [&hellip;]<\/p>\n","protected":false},"author":1,"featured_media":360,"parent":0,"menu_order":0,"comment_status":"open","ping_status":"closed","template":"","meta":{"spay_email":""},"jetpack_sharing_enabled":true,"jetpack-related-posts":[{"id":1970,"url":"http:\/\/www.ronesans.org.tr\/v3\/kurumlar-icin\/","url_meta":{"origin":1944,"position":0},"title":"Kurumlar i\u00e7in","date":"6 March 2022","format":false,"excerpt":"1- Kapasite Geli\u015ftirme Faaliyetleri, \u00f6rne\u011fin: \u00a0 - Sosyal Kampanya Y\u00f6netimi, Fon Toplama, G\u00f6n\u00fcll\u00fc Y\u00f6netimi, Proje D\u00f6ng\u00fcs\u00fc Y\u00f6netimi, \u0130nsan Kaynaklar\u0131 Y\u00f6netimi, Sosyal Medya Y\u00f6netimi, Halkla \u0130li\u015fkiler Y\u00f6netimi, Bilgi- \u00a0 \u00a0\u0130leti\u015fim Teknolojileri Y\u00f6netimi. 2- Sosyal\u00a0Projeler: Stereotipler, K\u00fclt\u00fcr, Spor, Sanat, Cinsiyet,\u00a0Demokrasi ve Kat\u0131l\u0131m, Giri\u015fimcilik ve \u0130stihdam Edilebilirlik, Sosyal \u0130\u00e7erme. 3- Ortakl\u0131k Kurma Faaliyetleri\u2026","rel":"","context":"Similar post","img":{"alt_text":"","src":"https:\/\/i0.wp.com\/www.ronesans.org.tr\/v3\/wp-content\/uploads\/2015\/04\/capacity-building.jpg?resize=350%2C200","width":350,"height":200},"classes":[]},{"id":1971,"url":"http:\/\/www.ronesans.org.tr\/v3\/misyonumuz-vizyonumuz\/","url_meta":{"origin":1944,"position":1},"title":"Misyonumuz &#038; Vizyonumuz","date":"6 March 2022","format":false,"excerpt":"R\u00f6nesans Enstit\u00fcs\u00fc, s\u00fcrd\u00fcr\u00fclebilir kalk\u0131nma ad\u0131na e\u011fitim ve yenilik\u00e7i projelerle toplumsal katma de\u011fer sa\u011flamaya \u00e7al\u0131\u015fan bireylerden olu\u015fan bir Sivil Toplum Kurulu\u015fudur. \u00dcyelerimiz, toplumlar\u0131 ile daha yak\u0131n ili\u015fkiler sayesinde hizmet sunumunda daha yenilik\u00e7i olabildikleri i\u00e7in, iyi kamu hizmetlerinin sunulmas\u0131 a\u00e7\u0131s\u0131ndan sosyal giri\u015fimlerin ve g\u00f6n\u00fcll\u00fc kurulu\u015flar\u0131n \u00f6nemine inanmaktad\u0131r. Bir Sivil Toplum Kurulu\u015fu olarak\u2026","rel":"","context":"Similar post","img":{"alt_text":"","src":"","width":0,"height":0},"classes":[]},{"id":1982,"url":"http:\/\/www.ronesans.org.tr\/v3\/bireyler-icin\/","url_meta":{"origin":1944,"position":2},"title":"Bireyler \u0130\u00e7in","date":"6 March 2022","format":false,"excerpt":"1- E\u011fitim Kurslar\u0131 Proje D\u00f6ng\u00fcs\u00fc Y\u00f6netimi E\u011fitimi, Giri\u015fimcilik E\u011fitimi, Demokrasi E\u011fitimi, Sosyal Dahil Etme, Aktif Vatanda\u015fl\u0131k, \u0130nsan Haklar\u0131, \u0130stihdam ve Kat\u0131l\u0131m 2-Seminerler Sivil Alanda uzmanl\u0131k geli\u015ftirmek i\u00e7in seminerler ve toplant\u0131lar 3-\u00a0 Staj gen\u00e7ler i\u00e7in mesleki geli\u015fim stajlar\u0131","rel":"","context":"Similar post","img":{"alt_text":"","src":"https:\/\/i0.wp.com\/www.ronesans.org.tr\/v3\/wp-content\/uploads\/2015\/04\/tr.jpg?resize=350%2C200","width":350,"height":200},"classes":[]},{"id":1952,"url":"http:\/\/www.ronesans.org.tr\/v3\/1952-2\/","url_meta":{"origin":1944,"position":3},"title":"Hizmetler","date":"6 March 2022","format":false,"excerpt":"A. E\u011fitimler Proje D\u00f6ng\u00fcs\u00fc Y\u00f6netimi, Giri\u015fimcilik ve \u0130stihdam, Toplumsal Cinsiyet, Demokrasi ve Kat\u0131l\u0131m, Sosyal \u0130\u00e7erme, \u0130nsan Haklar\u0131, G\u00f6n\u00fcll\u00fc Y\u00f6netimi, Fon Art\u0131\u015f\u0131. B. Sosyal\u00a0Projeler Stereotipler, K\u00fclt\u00fcr, Spor, Sanat, Cinsiyet, Demokrasi ve Kat\u0131l\u0131m, Giri\u015fimcilik ve \u0130stihdam Edilebilirlik, Sosyal \u0130\u00e7erme. C. Seminerler D. Ortakl\u0131k Olu\u015fturma Faaliyetleri E. Stajlar F. Avrupa G\u00f6n\u00fcll\u00fc Hizmeti G.\u2026","rel":"","context":"Similar post","img":{"alt_text":"","src":"","width":0,"height":0},"classes":[]},{"id":1935,"url":"http:\/\/www.ronesans.org.tr\/v3\/genclik-orgutleri-forumu\/","url_meta":{"origin":1944,"position":4},"title":"Gen\u00e7lik \u00d6rg\u00fctleri Forumu","date":"6 March 2022","format":false,"excerpt":"R\u00f6nesans Enstit\u00fcs\u00fc, 28 Ocak 2014 tarihinden bu yana Ulusal Gen\u00e7lik Konseyi olarak g\u00f6rev yapan T\u00fcrkiye Gen\u00e7lik \u00d6rg\u00fctleri Forumu'nun 28 kurucu \u00fcyesinden biridir. Aral\u0131k 2016'dan bu yana R\u00f6nesans Enstit\u00fcs\u00fc Derne\u011fi, Gen\u00e7lik \u00d6rg\u00fctleri Forumu'nun iki y\u0131l s\u00fcreyle y\u00f6netim kurulu \u00fcyesi olmu\u015ftur. \u0130lk olarak 2003 y\u0131l\u0131nda \"T\u00fcrkiye Ulusal Gen\u00e7lik Konseyi Giri\u015fimi - T\u00dcGEK\"\u2026","rel":"","context":"Similar post","img":{"alt_text":"","src":"https:\/\/i0.wp.com\/www.ronesans.org.tr\/v3\/wp-content\/uploads\/2017\/01\/logo_gofor.png?fit=400%2C400&resize=350%2C200","width":350,"height":200},"classes":[]},{"id":1927,"url":"http:\/\/www.ronesans.org.tr\/v3\/genclik-hizmetleri\/","url_meta":{"origin":1944,"position":5},"title":"Gen\u00e7lik Hizmetleri","date":"6 March 2022","format":false,"excerpt":"Avrupa Dayan\u0131\u015fma Program\u0131 Gen\u00e7lik De\u011fi\u015fimleri Gen\u00e7lik Kat\u0131l\u0131m\u0131 Uluslararas\u0131 Seminer ve E\u011fitimler Kalk\u0131nma Projeleri Demokrasi Projeleri Ara\u015ft\u0131rmalar & Raporlar","rel":"","context":"Similar post","img":{"alt_text":"","src":"","width":0,"height":0},"classes":[]}],"_links":{"self":[{"href":"http:\/\/www.ronesans.org.tr\/v3\/wp-json\/wp\/v2\/pages\/1944"}],"collection":[{"href":"http:\/\/www.ronesans.org.tr\/v3\/wp-json\/wp\/v2\/pages"}],"about":[{"href":"http:\/\/www.ronesans.org.tr\/v3\/wp-json\/wp\/v2\/types\/page"}],"author":[{"embeddable":true,"href":"http:\/\/www.ronesans.org.tr\/v3\/wp-json\/wp\/v2\/users\/1"}],"replies":[{"embeddable":true,"href":"http:\/\/www.ronesans.org.tr\/v3\/wp-json\/wp\/v2\/comments?post=1944"}],"version-history":[{"count":1,"href":"http:\/\/www.ronesans.org.tr\/v3\/wp-json\/wp\/v2\/pages\/1944\/revisions"}],"predecessor-version":[{"id":1946,"href":"http:\/\/www.ronesans.org.tr\/v3\/wp-json\/wp\/v2\/pages\/1944\/revisions\/1946"}],"wp:featuredmedia":[{"embeddable":true,"href":"http:\/\/www.ronesans.org.tr\/v3\/wp-json\/wp\/v2\/media\/360"}],"wp:attachment":[{"href":"http:\/\/www.ronesans.org.tr\/v3\/wp-json\/wp\/v2\/media?parent=1944"}],"curies":[{"name":"wp","href":"https:\/\/api.w.org\/{rel}","templated":true}]}}