{"id":1963,"date":"2022-03-06T18:53:14","date_gmt":"2022-03-06T15:53:14","guid":{"rendered":"http:\/\/www.ronesans.org.tr\/v3\/?page_id=1963"},"modified":"2022-03-06T18:53:14","modified_gmt":"2022-03-06T15:53:14","slug":"referanslar","status":"publish","type":"page","link":"http:\/\/www.ronesans.org.tr\/v3\/referanslar\/","title":{"rendered":"Referanslar"},"content":{"rendered":"<p>R\u00f6nesans Enstit\u00fcs\u00fc&#8217;n\u00fcn Hizmetlerinden Yararlanan Kurum ve Kurulu\u015flar<\/p>\n<table>\n<tbody>\n<tr>\n<td style=\"text-align: center;\"><img loading=\"lazy\" class=\" wp-image-658 aligncenter\" src=\"https:\/\/i0.wp.com\/renaissanceinstitute.eu\/v1\/wp-content\/uploads\/2015\/05\/au-300x288.jpg?resize=142%2C137\" alt=\"au\" width=\"142\" height=\"137\" srcset=\"https:\/\/i0.wp.com\/www.ronesans.org.tr\/v3\/wp-content\/uploads\/2015\/05\/au.jpg?resize=300%2C288 300w, https:\/\/i0.wp.com\/www.ronesans.org.tr\/v3\/wp-content\/uploads\/2015\/05\/au.jpg?resize=1030%2C987 1030w, https:\/\/i0.wp.com\/www.ronesans.org.tr\/v3\/wp-content\/uploads\/2015\/05\/au.jpg?w=1200 1200w\" sizes=\"(max-width: 142px) 100vw, 142px\" data-recalc-dims=\"1\" \/>Ankara \u00dcniversitesi<\/td>\n<td style=\"text-align: center;\"><a href=\"https:\/\/i0.wp.com\/renaissanceinstitute.eu\/v1\/wp-content\/uploads\/2015\/05\/h\u00fc.png\"><img loading=\"lazy\" class=\" wp-image-660 aligncenter\" src=\"https:\/\/i0.wp.com\/renaissanceinstitute.eu\/v1\/wp-content\/uploads\/2015\/05\/h\u00fc-204x300.png?resize=88%2C129\" alt=\"h\u00fc\" width=\"88\" height=\"129\" srcset=\"https:\/\/i0.wp.com\/www.ronesans.org.tr\/v3\/wp-content\/uploads\/2015\/05\/h\u00fc.png?resize=204%2C300 204w, https:\/\/i0.wp.com\/www.ronesans.org.tr\/v3\/wp-content\/uploads\/2015\/05\/h\u00fc.png?resize=700%2C1030 700w, https:\/\/i0.wp.com\/www.ronesans.org.tr\/v3\/wp-content\/uploads\/2015\/05\/h\u00fc.png?w=900 900w\" sizes=\"(max-width: 88px) 100vw, 88px\" data-recalc-dims=\"1\" \/><\/a>Hacettepe \u00dcniversitesi<\/td>\n<\/tr>\n<tr>\n<td style=\"text-align: center;\"><a href=\"https:\/\/i0.wp.com\/renaissanceinstitute.eu\/v1\/wp-content\/uploads\/2015\/05\/erzincan\u00fcni.jpg\"><img loading=\"lazy\" class=\" wp-image-661 aligncenter\" src=\"https:\/\/i0.wp.com\/renaissanceinstitute.eu\/v1\/wp-content\/uploads\/2015\/05\/erzincan\u00fcni-258x300.jpg?resize=105%2C122\" alt=\"erzincan\u00fcni\" width=\"105\" height=\"122\" srcset=\"https:\/\/i0.wp.com\/www.ronesans.org.tr\/v3\/wp-content\/uploads\/2015\/05\/erzincan\u00fcni.jpg?resize=258%2C300 258w, https:\/\/i0.wp.com\/www.ronesans.org.tr\/v3\/wp-content\/uploads\/2015\/05\/erzincan\u00fcni.jpg?resize=885%2C1030 885w, https:\/\/i0.wp.com\/www.ronesans.org.tr\/v3\/wp-content\/uploads\/2015\/05\/erzincan\u00fcni.jpg?w=1440 1440w, https:\/\/i0.wp.com\/www.ronesans.org.tr\/v3\/wp-content\/uploads\/2015\/05\/erzincan\u00fcni.jpg?w=2160 2160w\" sizes=\"(max-width: 105px) 100vw, 105px\" data-recalc-dims=\"1\" \/><\/a>Erzincan \u00dcniversitesi<\/td>\n<td style=\"text-align: center;\"><a href=\"https:\/\/i0.wp.com\/renaissanceinstitute.eu\/v1\/wp-content\/uploads\/2015\/05\/siirt-\u00fcni.jpg\"><img loading=\"lazy\" class=\" wp-image-665 aligncenter\" src=\"https:\/\/i0.wp.com\/renaissanceinstitute.eu\/v1\/wp-content\/uploads\/2015\/05\/siirt-\u00fcni-300x180.jpg?resize=133%2C80\" alt=\"siirt \u00fcni\" width=\"133\" height=\"80\" srcset=\"https:\/\/i0.wp.com\/www.ronesans.org.tr\/v3\/wp-content\/uploads\/2015\/05\/siirt-\u00fcni.jpg?resize=300%2C180 300w, https:\/\/i0.wp.com\/www.ronesans.org.tr\/v3\/wp-content\/uploads\/2015\/05\/siirt-\u00fcni.jpg?w=500 500w\" sizes=\"(max-width: 133px) 100vw, 133px\" data-recalc-dims=\"1\" \/><\/a>Siirt \u00dcniversitesi<\/td>\n<\/tr>\n<tr>\n<td style=\"text-align: center;\"><a href=\"https:\/\/i0.wp.com\/renaissanceinstitute.eu\/v1\/wp-content\/uploads\/2015\/05\/siirtvali.jpg\"><img loading=\"lazy\" class=\" wp-image-668 aligncenter\" src=\"https:\/\/i0.wp.com\/renaissanceinstitute.eu\/v1\/wp-content\/uploads\/2015\/05\/siirtvali-300x300.jpg?resize=143%2C143\" alt=\"S \u0130 \u0130 R T V A L \u0130 L \u0130 \u011e\u0130 1\" width=\"143\" height=\"143\" srcset=\"https:\/\/i0.wp.com\/www.ronesans.org.tr\/v3\/wp-content\/uploads\/2015\/05\/siirtvali.jpg?resize=300%2C300 300w, https:\/\/i0.wp.com\/www.ronesans.org.tr\/v3\/wp-content\/uploads\/2015\/05\/siirtvali.jpg?resize=80%2C80 80w, https:\/\/i0.wp.com\/www.ronesans.org.tr\/v3\/wp-content\/uploads\/2015\/05\/siirtvali.jpg?w=400 400w\" sizes=\"(max-width: 143px) 100vw, 143px\" data-recalc-dims=\"1\" \/><\/a>Siirt Valili\u011fi<\/td>\n<td style=\"text-align: center;\"><a href=\"https:\/\/i0.wp.com\/renaissanceinstitute.eu\/v1\/wp-content\/uploads\/2015\/05\/sporgenelm\u00fcd.jpg\"><img loading=\"lazy\" class=\"alignnone wp-image-666\" src=\"https:\/\/i0.wp.com\/renaissanceinstitute.eu\/v1\/wp-content\/uploads\/2015\/05\/sporgenelm\u00fcd-300x225.jpg?resize=218%2C163\" alt=\"sporgenelm\u00fcd\" width=\"218\" height=\"163\" srcset=\"https:\/\/i0.wp.com\/www.ronesans.org.tr\/v3\/wp-content\/uploads\/2015\/05\/sporgenelm\u00fcd.jpg?resize=300%2C225 300w, https:\/\/i0.wp.com\/www.ronesans.org.tr\/v3\/wp-content\/uploads\/2015\/05\/sporgenelm\u00fcd.jpg?w=773 773w\" sizes=\"(max-width: 218px) 100vw, 218px\" data-recalc-dims=\"1\" \/><\/a><\/p>\n<p>Spor Genel M\u00fcd\u00fcrl\u00fc\u011f\u00fc<\/td>\n<\/tr>\n<tr>\n<td style=\"text-align: center;\"><a href=\"https:\/\/i0.wp.com\/renaissanceinstitute.eu\/v1\/wp-content\/uploads\/2015\/05\/oryantiring.jpg\"><img loading=\"lazy\" class=\"alignnone wp-image-663\" src=\"https:\/\/i0.wp.com\/renaissanceinstitute.eu\/v1\/wp-content\/uploads\/2015\/05\/oryantiring-300x300.jpg?resize=114%2C114\" alt=\"oryantiring\" width=\"114\" height=\"114\" srcset=\"https:\/\/i0.wp.com\/www.ronesans.org.tr\/v3\/wp-content\/uploads\/2015\/05\/oryantiring.jpg?resize=300%2C300 300w, https:\/\/i0.wp.com\/www.ronesans.org.tr\/v3\/wp-content\/uploads\/2015\/05\/oryantiring.jpg?resize=80%2C80 80w, https:\/\/i0.wp.com\/www.ronesans.org.tr\/v3\/wp-content\/uploads\/2015\/05\/oryantiring.jpg?resize=1030%2C1030 1030w, https:\/\/i0.wp.com\/www.ronesans.org.tr\/v3\/wp-content\/uploads\/2015\/05\/oryantiring.jpg?w=1440 1440w, https:\/\/i0.wp.com\/www.ronesans.org.tr\/v3\/wp-content\/uploads\/2015\/05\/oryantiring.jpg?w=2160 2160w\" sizes=\"(max-width: 114px) 100vw, 114px\" data-recalc-dims=\"1\" \/><\/a><\/p>\n<p>Oryantiring Federasyonu<\/td>\n<td style=\"text-align: center;\"><a href=\"https:\/\/i0.wp.com\/renaissanceinstitute.eu\/v1\/wp-content\/uploads\/2015\/05\/t\u00fckk\u0131z\u0131lay\u0131.jpg\"><img loading=\"lazy\" class=\"alignnone wp-image-667\" src=\"https:\/\/i0.wp.com\/renaissanceinstitute.eu\/v1\/wp-content\/uploads\/2015\/05\/t\u00fckk\u0131z\u0131lay\u0131-300x200.jpg?resize=200%2C133\" alt=\"t\u00fckk\u0131z\u0131lay\u0131\" width=\"200\" height=\"133\" srcset=\"https:\/\/i0.wp.com\/www.ronesans.org.tr\/v3\/wp-content\/uploads\/2015\/05\/t\u00fckk\u0131z\u0131lay\u0131.jpg?resize=300%2C200 300w, https:\/\/i0.wp.com\/www.ronesans.org.tr\/v3\/wp-content\/uploads\/2015\/05\/t\u00fckk\u0131z\u0131lay\u0131.jpg?w=600 600w\" sizes=\"(max-width: 200px) 100vw, 200px\" data-recalc-dims=\"1\" \/><\/a><\/p>\n<p>T\u00fcrk K\u0131z\u0131lay\u0131<\/td>\n<\/tr>\n<tr>\n<td style=\"text-align: center;\"><a href=\"https:\/\/i0.wp.com\/renaissanceinstitute.eu\/v1\/wp-content\/uploads\/2015\/05\/ecyon.png\"><img loading=\"lazy\" class=\" wp-image-659 aligncenter\" src=\"https:\/\/i0.wp.com\/renaissanceinstitute.eu\/v1\/wp-content\/uploads\/2015\/05\/ecyon-300x300.png?resize=171%2C171\" alt=\"ecyon\" width=\"171\" height=\"171\" srcset=\"https:\/\/i0.wp.com\/www.ronesans.org.tr\/v3\/wp-content\/uploads\/2015\/05\/ecyon.png?resize=300%2C300 300w, https:\/\/i0.wp.com\/www.ronesans.org.tr\/v3\/wp-content\/uploads\/2015\/05\/ecyon.png?resize=80%2C80 80w, https:\/\/i0.wp.com\/www.ronesans.org.tr\/v3\/wp-content\/uploads\/2015\/05\/ecyon.png?w=900 900w\" sizes=\"(max-width: 171px) 100vw, 171px\" data-recalc-dims=\"1\" \/><\/a>European Cooperative Youth Cooperative<\/p>\n<p>Network<\/td>\n<td style=\"text-align: center;\"><a href=\"https:\/\/i0.wp.com\/renaissanceinstitute.eu\/v1\/wp-content\/uploads\/2015\/05\/SER\u00c7EV.png\"><img loading=\"lazy\" class=\"alignnone size-full wp-image-664\" src=\"https:\/\/i0.wp.com\/renaissanceinstitute.eu\/v1\/wp-content\/uploads\/2015\/05\/SER\u00c7EV.png?resize=220%2C125\" alt=\"SER\u00c7EV\" width=\"220\" height=\"125\" data-recalc-dims=\"1\" \/><\/a><\/p>\n<p>SER\u00c7EV<\/td>\n<\/tr>\n<tr>\n<td style=\"text-align: center;\"><a href=\"https:\/\/i0.wp.com\/renaissanceinstitute.eu\/v1\/wp-content\/uploads\/2015\/05\/kadak.jpg\"><img loading=\"lazy\" class=\" size-full wp-image-662 aligncenter\" src=\"https:\/\/i0.wp.com\/renaissanceinstitute.eu\/v1\/wp-content\/uploads\/2015\/05\/kadak.jpg?resize=154%2C154\" alt=\"kadak\" width=\"154\" height=\"154\" srcset=\"https:\/\/i0.wp.com\/www.ronesans.org.tr\/v3\/wp-content\/uploads\/2015\/05\/kadak.jpg?w=154 154w, https:\/\/i0.wp.com\/www.ronesans.org.tr\/v3\/wp-content\/uploads\/2015\/05\/kadak.jpg?resize=80%2C80 80w\" sizes=\"(max-width: 154px) 100vw, 154px\" data-recalc-dims=\"1\" \/><\/a>KADAK<\/td>\n<td><\/td>\n<\/tr>\n<\/tbody>\n<\/table>\n","protected":false},"excerpt":{"rendered":"<p>R\u00f6nesans Enstit\u00fcs\u00fc&#8217;n\u00fcn Hizmetlerinden Yararlanan Kurum ve Kurulu\u015flar Ankara \u00dcniversitesi Hacettepe \u00dcniversitesi Erzincan \u00dcniversitesi Siirt \u00dcniversitesi Siirt Valili\u011fi Spor Genel M\u00fcd\u00fcrl\u00fc\u011f\u00fc Oryantiring Federasyonu T\u00fcrk K\u0131z\u0131lay\u0131 European Cooperative Youth Cooperative Network SER\u00c7EV KADAK<\/p>\n","protected":false},"author":1,"featured_media":0,"parent":0,"menu_order":0,"comment_status":"open","ping_status":"closed","template":"","meta":{"spay_email":""},"jetpack_sharing_enabled":true,"jetpack-related-posts":[],"_links":{"self":[{"href":"http:\/\/www.ronesans.org.tr\/v3\/wp-json\/wp\/v2\/pages\/1963"}],"collection":[{"href":"http:\/\/www.ronesans.org.tr\/v3\/wp-json\/wp\/v2\/pages"}],"about":[{"href":"http:\/\/www.ronesans.org.tr\/v3\/wp-json\/wp\/v2\/types\/page"}],"author":[{"embeddable":true,"href":"http:\/\/www.ronesans.org.tr\/v3\/wp-json\/wp\/v2\/users\/1"}],"replies":[{"embeddable":true,"href":"http:\/\/www.ronesans.org.tr\/v3\/wp-json\/wp\/v2\/comments?post=1963"}],"version-history":[{"count":1,"href":"http:\/\/www.ronesans.org.tr\/v3\/wp-json\/wp\/v2\/pages\/1963\/revisions"}],"predecessor-version":[{"id":1968,"href":"http:\/\/www.ronesans.org.tr\/v3\/wp-json\/wp\/v2\/pages\/1963\/revisions\/1968"}],"wp:attachment":[{"href":"http:\/\/www.ronesans.org.tr\/v3\/wp-json\/wp\/v2\/media?parent=1963"}],"curies":[{"name":"wp","href":"https:\/\/api.w.org\/{rel}","templated":true}]}}