{"id":1971,"date":"2022-03-06T18:57:10","date_gmt":"2022-03-06T15:57:10","guid":{"rendered":"http:\/\/www.ronesans.org.tr\/v3\/?page_id=1971"},"modified":"2022-03-06T18:57:10","modified_gmt":"2022-03-06T15:57:10","slug":"misyonumuz-vizyonumuz","status":"publish","type":"page","link":"http:\/\/www.ronesans.org.tr\/v3\/misyonumuz-vizyonumuz\/","title":{"rendered":"Misyonumuz &#038; Vizyonumuz"},"content":{"rendered":"<p>R\u00f6nesans Enstit\u00fcs\u00fc, s\u00fcrd\u00fcr\u00fclebilir kalk\u0131nma ad\u0131na e\u011fitim ve yenilik\u00e7i projelerle toplumsal katma de\u011fer sa\u011flamaya \u00e7al\u0131\u015fan bireylerden olu\u015fan bir Sivil Toplum Kurulu\u015fudur. \u00dcyelerimiz, toplumlar\u0131 ile daha yak\u0131n ili\u015fkiler sayesinde hizmet sunumunda daha yenilik\u00e7i olabildikleri i\u00e7in, iyi kamu hizmetlerinin sunulmas\u0131 a\u00e7\u0131s\u0131ndan sosyal giri\u015fimlerin ve g\u00f6n\u00fcll\u00fc kurulu\u015flar\u0131n \u00f6nemine inanmaktad\u0131r. Bir Sivil Toplum Kurulu\u015fu olarak R\u00f6nesans Enstit\u00fcs\u00fc, kamu sekt\u00f6r\u00fcn\u00fcn sahip oldu\u011fu b\u00fcrokratik s\u0131n\u0131rlar\u0131n \u00f6tesinde y\u00fcksek motivasyon performans\u0131 ile \u00e7al\u0131\u015fmaktad\u0131r. R\u00f6nesans Enstit\u00fcs\u00fc, kamu kurumlar\u0131, \u00fcniversiteler, \u015firketler, vak\u0131flar, dernekler ve topluluklar\u0131n yan\u0131 s\u0131ra yerel, b\u00f6lgesel ve ulusal makamlar gibi \u00e7ok \u00e7e\u015fitli kurulu\u015flarla i\u015fbirli\u011fi i\u00e7inde bir\u00e7ok ulusal ve ulus\u00f6tesi proje\/etkinlik\/faaliyet yarat\u0131r ve y\u00fcr\u00fct\u00fcr. Farkl\u0131 sekt\u00f6rlerden kurulu\u015flara ve bireylere kapasite geli\u015ftirme e\u011fitimleri ve ara\u00e7lar\u0131 sunarak, s\u00fcrd\u00fcr\u00fclebilir kalk\u0131nma i\u00e7in \u00e7ok sekt\u00f6rl\u00fc bir sinerji olu\u015fturmay\u0131 hedefliyoruz. Ayr\u0131ca ekip \u00fcyelerimiz vatanda\u015flara y\u00f6nelik destek sistemlerinin geli\u015ftirilmesine katk\u0131da bulunmay\u0131 ama\u00e7lamaktad\u0131r. \u00dcyeler, vatanda\u015flar\u0131n sesini duyurmak i\u00e7in harekete ge\u00e7er ve onlar\u0131n potansiyellerini ke\u015ffetmeleri ve ger\u00e7ekle\u015ftirmeleri i\u00e7in harekete ge\u00e7melerine izin verir.<\/p>\n<p>Misyonumuz, e\u011fitim, sosyal ve k\u00fclt\u00fcrel alanlarda kaliteli ve kapsay\u0131c\u0131 gen\u00e7lik hizmetleri sunmak ve gen\u00e7lerin potansiyelini harekete ge\u00e7irmek i\u00e7in sosyal katma de\u011fer yaratmakt\u0131r.<\/p>\n<p>Vizyonumuz, ilke ve de\u011ferlerimizi benimseyen ki\u015fileri b\u00fcnyesine katarak ve i\u015fbirli\u011fi yaparak, rehberlik ve liderlik sa\u011flayan uluslararas\u0131 gen\u00e7lik \u00e7al\u0131\u015fmalar\u0131 y\u00fcr\u00fcterek s\u00fcrd\u00fcr\u00fclebilir \u00e7\u00f6z\u00fcmler \u00fcretmektir.<\/p>\n<p>T\u00fcz\u00fc\u011f\u00fcm\u00fcz: \u0130ndirmek i\u00e7in\u00a0<a href=\"http:\/\/www.ronesans.org.tr\/documents\/ri_standing_rule.pdf\" target=\"_blank\" rel=\"noopener\">\u0130ndirmek i\u00e7in T\u0131klay\u0131n<\/a>\u00a0(g\u00fcncel)<\/p>\n<p>\u00d6nceki T\u00fcz\u00fckler: <a href=\"http:\/\/www.ronesans.org.tr\/documents\/ri_standing_rule_eski1.pdf\" target=\"_blank\" rel=\"noopener\">21\/07\/2013 &#8211; 21\/12\/2013<\/a><\/p>\n","protected":false},"excerpt":{"rendered":"<p>R\u00f6nesans Enstit\u00fcs\u00fc, s\u00fcrd\u00fcr\u00fclebilir kalk\u0131nma ad\u0131na e\u011fitim ve yenilik\u00e7i projelerle toplumsal katma de\u011fer sa\u011flamaya \u00e7al\u0131\u015fan bireylerden olu\u015fan bir Sivil Toplum Kurulu\u015fudur. \u00dcyelerimiz, toplumlar\u0131 ile daha yak\u0131n ili\u015fkiler sayesinde hizmet sunumunda daha yenilik\u00e7i olabildikleri i\u00e7in, iyi kamu [&hellip;]<\/p>\n","protected":false},"author":1,"featured_media":0,"parent":0,"menu_order":0,"comment_status":"closed","ping_status":"closed","template":"","meta":{"spay_email":""},"jetpack_sharing_enabled":true,"jetpack-related-posts":[{"id":1935,"url":"http:\/\/www.ronesans.org.tr\/v3\/genclik-orgutleri-forumu\/","url_meta":{"origin":1971,"position":0},"title":"Gen\u00e7lik \u00d6rg\u00fctleri Forumu","date":"6 March 2022","format":false,"excerpt":"R\u00f6nesans Enstit\u00fcs\u00fc, 28 Ocak 2014 tarihinden bu yana Ulusal Gen\u00e7lik Konseyi olarak g\u00f6rev yapan T\u00fcrkiye Gen\u00e7lik \u00d6rg\u00fctleri Forumu'nun 28 kurucu \u00fcyesinden biridir. Aral\u0131k 2016'dan bu yana R\u00f6nesans Enstit\u00fcs\u00fc Derne\u011fi, Gen\u00e7lik \u00d6rg\u00fctleri Forumu'nun iki y\u0131l s\u00fcreyle y\u00f6netim kurulu \u00fcyesi olmu\u015ftur. \u0130lk olarak 2003 y\u0131l\u0131nda \"T\u00fcrkiye Ulusal Gen\u00e7lik Konseyi Giri\u015fimi - T\u00dcGEK\"\u2026","rel":"","context":"Similar post","img":{"alt_text":"","src":"https:\/\/i0.wp.com\/www.ronesans.org.tr\/v3\/wp-content\/uploads\/2017\/01\/logo_gofor.png?fit=400%2C400&resize=350%2C200","width":350,"height":200},"classes":[]},{"id":1944,"url":"http:\/\/www.ronesans.org.tr\/v3\/gonulluluk\/","url_meta":{"origin":1971,"position":1},"title":"G\u00f6n\u00fcll\u00fcl\u00fck","date":"6 March 2022","format":false,"excerpt":"R\u00f6nesans Enstit\u00fcs\u00fc, hem profesyonelleri hem de gen\u00e7leri faaliyetlere dahil ederek g\u00f6n\u00fcll\u00fcl\u00fck \u015fans\u0131 sunuyor. \u00a0 Enstit\u00fc, gen\u00e7ler i\u00e7in gen\u00e7lik de\u011fi\u015fimleri, gen\u00e7lik giri\u015fimleri, avrupa g\u00f6n\u00fcll\u00fc hizmetleri ve ayr\u0131ca yerel\/b\u00f6lgesel etkinliklere kat\u0131l\u0131m \u015fans\u0131 sunmaktad\u0131r. Bu gen\u00e7lerin 18-30 ya\u015flar\u0131nda olmalar\u0131 ve sosyal alanda \u00e7al\u0131\u015fmaya motive olmalar\u0131 beklenmektedir. Gen\u00e7ler web i\u00e7erik edit\u00f6r\u00fc, sosyal medya y\u00f6netimi,\u2026","rel":"","context":"Similar post","img":{"alt_text":"","src":"https:\/\/i0.wp.com\/www.ronesans.org.tr\/v3\/wp-content\/uploads\/2014\/12\/volunteering-e1321813484543.jpg?fit=730%2C365&resize=350%2C200","width":350,"height":200},"classes":[]},{"id":1982,"url":"http:\/\/www.ronesans.org.tr\/v3\/bireyler-icin\/","url_meta":{"origin":1971,"position":2},"title":"Bireyler \u0130\u00e7in","date":"6 March 2022","format":false,"excerpt":"1- E\u011fitim Kurslar\u0131 Proje D\u00f6ng\u00fcs\u00fc Y\u00f6netimi E\u011fitimi, Giri\u015fimcilik E\u011fitimi, Demokrasi E\u011fitimi, Sosyal Dahil Etme, Aktif Vatanda\u015fl\u0131k, \u0130nsan Haklar\u0131, \u0130stihdam ve Kat\u0131l\u0131m 2-Seminerler Sivil Alanda uzmanl\u0131k geli\u015ftirmek i\u00e7in seminerler ve toplant\u0131lar 3-\u00a0 Staj gen\u00e7ler i\u00e7in mesleki geli\u015fim stajlar\u0131","rel":"","context":"Similar post","img":{"alt_text":"","src":"https:\/\/i0.wp.com\/www.ronesans.org.tr\/v3\/wp-content\/uploads\/2015\/04\/tr.jpg?resize=350%2C200","width":350,"height":200},"classes":[]},{"id":1933,"url":"http:\/\/www.ronesans.org.tr\/v3\/1933-2\/","url_meta":{"origin":1971,"position":3},"title":"Projemiz Do it for Youth","date":"6 March 2022","format":false,"excerpt":"DO it for the Youth, Erasmus Plus Program\u0131 arac\u0131l\u0131\u011f\u0131yla Avrupa Komisyonu taraf\u0131ndan ortak finanse edilen bir projedir ve ortak STK'lar\u0131n gen\u00e7leri (personel, g\u00f6n\u00fcll\u00fcler ve yararlan\u0131c\u0131lar) s\u00fcrece dahil ederek \u00d6rg\u00fctsel Geli\u015fim Stratejilerini geli\u015ftirme ve uygulamaya koyma kapasitesini geli\u015ftirmeyi ama\u00e7lamaktad\u0131r. gen\u00e7leri ilgilendiren konularda (aktif vatanda\u015fl\u0131k, k\u00fclt\u00fcrleraras\u0131 diyalog, sosyal i\u00e7erme ve i\u015fg\u00fcc\u00fc piyasas\u0131na\u2026","rel":"","context":"Similar post","img":{"alt_text":"","src":"","width":0,"height":0},"classes":[]},{"id":1939,"url":"http:\/\/www.ronesans.org.tr\/v3\/projemiz-do-it-for-the-youth\/","url_meta":{"origin":1971,"position":4},"title":"Projemiz Do it for the Youth","date":"6 March 2022","format":false,"excerpt":"DO it for the Youth , Erasmus Plus Program\u0131 arac\u0131l\u0131\u011f\u0131yla Avrupa Komisyonu taraf\u0131ndan ortak finanse edilen bir projedir ve ortak STK'lar\u0131n gen\u00e7leri (personel, g\u00f6n\u00fcll\u00fcler ve yararlan\u0131c\u0131lar) s\u00fcrece dahil ederek \u00d6rg\u00fctsel Geli\u015fim Stratejilerini geli\u015ftirme ve uygulamaya koyma kapasitesini geli\u015ftirmeyi ama\u00e7lamaktad\u0131r. gen\u00e7leri ilgilendiren konularda (aktif vatanda\u015fl\u0131k, k\u00fclt\u00fcrleraras\u0131 diyalog, sosyal i\u00e7erme ve i\u015fg\u00fcc\u00fc\u2026","rel":"","context":"Similar post","img":{"alt_text":"","src":"","width":0,"height":0},"classes":[]},{"id":1902,"url":"http:\/\/www.ronesans.org.tr\/v3\/iletisim\/","url_meta":{"origin":1971,"position":5},"title":"\u0130leti\u015fim","date":"6 March 2022","format":false,"excerpt":"R\u00f6nesans Enstit\u00fcs\u00fc Resmi Ad\u0131: R\u00f6nesans Enstit\u00fcs\u00fc Derne\u011fi K\u00fct\u00fck No: 06-111-020 Merkez Adresi: Fatih Mahallesi Vak\u0131f Caddesi Pilot Bnb. M. Oguz Sever Sokak No:1 Kahramankazan - ANKARA - T\u00dcRK\u0130YE 06980 Social Media: https:\/\/www.linkedin.com\/company\/5895503 https:\/\/www.instagram.com\/renaissance_tr https:\/\/www.facebook.com\/renaissancetr https:\/\/twitter.com\/renaissance_tr E-posta: info@ronesans.org.tr","rel":"","context":"Similar post","img":{"alt_text":"","src":"https:\/\/i0.wp.com\/www.ronesans.org.tr\/v3\/wp-content\/uploads\/2014\/03\/contact-us.jpg?fit=770%2C373&resize=350%2C200","width":350,"height":200},"classes":[]}],"_links":{"self":[{"href":"http:\/\/www.ronesans.org.tr\/v3\/wp-json\/wp\/v2\/pages\/1971"}],"collection":[{"href":"http:\/\/www.ronesans.org.tr\/v3\/wp-json\/wp\/v2\/pages"}],"about":[{"href":"http:\/\/www.ronesans.org.tr\/v3\/wp-json\/wp\/v2\/types\/page"}],"author":[{"embeddable":true,"href":"http:\/\/www.ronesans.org.tr\/v3\/wp-json\/wp\/v2\/users\/1"}],"replies":[{"embeddable":true,"href":"http:\/\/www.ronesans.org.tr\/v3\/wp-json\/wp\/v2\/comments?post=1971"}],"version-history":[{"count":1,"href":"http:\/\/www.ronesans.org.tr\/v3\/wp-json\/wp\/v2\/pages\/1971\/revisions"}],"predecessor-version":[{"id":1973,"href":"http:\/\/www.ronesans.org.tr\/v3\/wp-json\/wp\/v2\/pages\/1971\/revisions\/1973"}],"wp:attachment":[{"href":"http:\/\/www.ronesans.org.tr\/v3\/wp-json\/wp\/v2\/media?parent=1971"}],"curies":[{"name":"wp","href":"https:\/\/api.w.org\/{rel}","templated":true}]}}