{"id":1974,"date":"2022-03-06T18:59:04","date_gmt":"2022-03-06T15:59:04","guid":{"rendered":"http:\/\/www.ronesans.org.tr\/v3\/?page_id=1974"},"modified":"2022-03-06T18:59:04","modified_gmt":"2022-03-06T15:59:04","slug":"uyelik","status":"publish","type":"page","link":"http:\/\/www.ronesans.org.tr\/v3\/uyelik\/","title":{"rendered":"\u00dcyelik"},"content":{"rendered":"<p>\u00dcyelik ba\u015fvurusu yapabilmek i\u00e7in \u00fcyelik ba\u015fvuru formunu doldurup imzalaman\u0131z gerekmektedir. R\u00f6nesans Enstit\u00fcs\u00fc&#8217;n\u00fcn adresine g\u00f6nderin.<\/p>\n<p>&nbsp;<\/p>\n<p><a href=\"http:\/\/www.ronesans.org.tr\/documents\/uyelik_basvuru.pdf\" target=\"_blank\" rel=\"noopener\">\u00dcyelik Ba\u015fvuru Formu<\/a><\/p>\n","protected":false},"excerpt":{"rendered":"<p>\u00dcyelik ba\u015fvurusu yapabilmek i\u00e7in \u00fcyelik ba\u015fvuru formunu doldurup imzalaman\u0131z gerekmektedir. R\u00f6nesans Enstit\u00fcs\u00fc&#8217;n\u00fcn adresine g\u00f6nderin. &nbsp; \u00dcyelik Ba\u015fvuru Formu<\/p>\n","protected":false},"author":1,"featured_media":0,"parent":0,"menu_order":0,"comment_status":"closed","ping_status":"closed","template":"","meta":{"spay_email":""},"jetpack_sharing_enabled":true,"jetpack-related-posts":[],"_links":{"self":[{"href":"http:\/\/www.ronesans.org.tr\/v3\/wp-json\/wp\/v2\/pages\/1974"}],"collection":[{"href":"http:\/\/www.ronesans.org.tr\/v3\/wp-json\/wp\/v2\/pages"}],"about":[{"href":"http:\/\/www.ronesans.org.tr\/v3\/wp-json\/wp\/v2\/types\/page"}],"author":[{"embeddable":true,"href":"http:\/\/www.ronesans.org.tr\/v3\/wp-json\/wp\/v2\/users\/1"}],"replies":[{"embeddable":true,"href":"http:\/\/www.ronesans.org.tr\/v3\/wp-json\/wp\/v2\/comments?post=1974"}],"version-history":[{"count":1,"href":"http:\/\/www.ronesans.org.tr\/v3\/wp-json\/wp\/v2\/pages\/1974\/revisions"}],"predecessor-version":[{"id":1978,"href":"http:\/\/www.ronesans.org.tr\/v3\/wp-json\/wp\/v2\/pages\/1974\/revisions\/1978"}],"wp:attachment":[{"href":"http:\/\/www.ronesans.org.tr\/v3\/wp-json\/wp\/v2\/media?parent=1974"}],"curies":[{"name":"wp","href":"https:\/\/api.w.org\/{rel}","templated":true}]}}