{"id":1982,"date":"2022-03-06T19:03:55","date_gmt":"2022-03-06T16:03:55","guid":{"rendered":"http:\/\/www.ronesans.org.tr\/v3\/?page_id=1982"},"modified":"2022-03-06T19:04:54","modified_gmt":"2022-03-06T16:04:54","slug":"bireyler-icin","status":"publish","type":"page","link":"http:\/\/www.ronesans.org.tr\/v3\/bireyler-icin\/","title":{"rendered":"Bireyler \u0130\u00e7in"},"content":{"rendered":"<table style=\"height: 106px;\" width=\"776\">\n<tbody>\n<tr>\n<td><a href=\"https:\/\/i0.wp.com\/www.ronesans.org.tr\/v3\/wp-content\/uploads\/2015\/04\/tr.jpg\"><img loading=\"lazy\" class=\"wp-image-628 \" src=\"https:\/\/i0.wp.com\/www.ronesans.org.tr\/v3\/wp-content\/uploads\/2015\/04\/tr.jpg?resize=364%2C258\" width=\"364\" height=\"258\" srcset=\"https:\/\/i0.wp.com\/www.ronesans.org.tr\/v3\/wp-content\/uploads\/2015\/04\/tr.jpg?w=412 412w, https:\/\/i0.wp.com\/www.ronesans.org.tr\/v3\/wp-content\/uploads\/2015\/04\/tr.jpg?resize=300%2C213 300w\" sizes=\"(max-width: 364px) 100vw, 364px\" data-recalc-dims=\"1\" \/><\/a><\/td>\n<td style=\"text-align: center;\">1-<strong> E\u011fitim Kurslar\u0131<br \/>\n<\/strong><\/p>\n<p style=\"text-align: center;\">Proje D\u00f6ng\u00fcs\u00fc Y\u00f6netimi E\u011fitimi, Giri\u015fimcilik E\u011fitimi, Demokrasi E\u011fitimi, Sosyal Dahil Etme, Aktif Vatanda\u015fl\u0131k, \u0130nsan Haklar\u0131, \u0130stihdam ve Kat\u0131l\u0131m<\/p>\n<\/td>\n<\/tr>\n<\/tbody>\n<\/table>\n<table style=\"height: 166px;\" width=\"776\">\n<tbody>\n<tr>\n<td>\n<p style=\"text-align: center;\">2-<strong>Seminerler<\/strong><\/p>\n<p style=\"text-aling: center;\">Sivil Alanda uzmanl\u0131k geli\u015ftirmek i\u00e7in seminerler ve toplant\u0131lar<\/p>\n<\/td>\n<td style=\"text-align: center;\"><a href=\"https:\/\/i0.wp.com\/www.ronesans.org.tr\/v3\/wp-content\/uploads\/2015\/04\/sem.jpg\"><img loading=\"lazy\" class=\"aligncenter wp-image-630 size-full\" src=\"https:\/\/i0.wp.com\/www.ronesans.org.tr\/v3\/wp-content\/uploads\/2015\/04\/sem.jpg?resize=370%2C324\" width=\"370\" height=\"324\" srcset=\"https:\/\/i0.wp.com\/www.ronesans.org.tr\/v3\/wp-content\/uploads\/2015\/04\/sem.jpg?w=370 370w, https:\/\/i0.wp.com\/www.ronesans.org.tr\/v3\/wp-content\/uploads\/2015\/04\/sem.jpg?resize=300%2C263 300w\" sizes=\"(max-width: 370px) 100vw, 370px\" data-recalc-dims=\"1\" \/><\/a><\/td>\n<\/tr>\n<\/tbody>\n<\/table>\n<table style=\"height: 161px;\" width=\"776\">\n<tbody>\n<tr>\n<td><a href=\"https:\/\/i0.wp.com\/www.ronesans.org.tr\/v3\/wp-content\/uploads\/2015\/04\/partnership-building.jpg\"><img loading=\"lazy\" class=\"aligncenter wp-image-623 \" src=\"https:\/\/i0.wp.com\/www.ronesans.org.tr\/v3\/wp-content\/uploads\/2015\/04\/partnership-building.jpg?resize=219%2C223\" width=\"219\" height=\"223\" srcset=\"https:\/\/i0.wp.com\/www.ronesans.org.tr\/v3\/wp-content\/uploads\/2015\/04\/partnership-building.jpg?w=450 450w, https:\/\/i0.wp.com\/www.ronesans.org.tr\/v3\/wp-content\/uploads\/2015\/04\/partnership-building.jpg?resize=80%2C80 80w, https:\/\/i0.wp.com\/www.ronesans.org.tr\/v3\/wp-content\/uploads\/2015\/04\/partnership-building.jpg?resize=295%2C300 295w\" sizes=\"(max-width: 219px) 100vw, 219px\" data-recalc-dims=\"1\" \/><\/a><\/td>\n<td style=\"text-align: center;\">3-<strong>&nbsp; Staj<\/strong><\/p>\n<p style=\"text-aling: center;\">gen\u00e7ler i\u00e7in mesleki geli\u015fim stajlar\u0131<\/p>\n<\/td>\n<\/tr>\n<\/tbody>\n<\/table>\n","protected":false},"excerpt":{"rendered":"<p>1- E\u011fitim Kurslar\u0131 Proje D\u00f6ng\u00fcs\u00fc Y\u00f6netimi E\u011fitimi, Giri\u015fimcilik E\u011fitimi, Demokrasi E\u011fitimi, Sosyal Dahil Etme, Aktif Vatanda\u015fl\u0131k, \u0130nsan Haklar\u0131, \u0130stihdam ve Kat\u0131l\u0131m 2-Seminerler Sivil Alanda uzmanl\u0131k geli\u015ftirmek i\u00e7in seminerler ve toplant\u0131lar 3-&nbsp; Staj gen\u00e7ler i\u00e7in mesleki [&hellip;]<\/p>\n","protected":false},"author":1,"featured_media":0,"parent":0,"menu_order":0,"comment_status":"open","ping_status":"open","template":"","meta":{"spay_email":""},"jetpack_sharing_enabled":true,"jetpack-related-posts":[{"id":1971,"url":"http:\/\/www.ronesans.org.tr\/v3\/misyonumuz-vizyonumuz\/","url_meta":{"origin":1982,"position":0},"title":"Misyonumuz &#038; Vizyonumuz","date":"6 March 2022","format":false,"excerpt":"R\u00f6nesans Enstit\u00fcs\u00fc, s\u00fcrd\u00fcr\u00fclebilir kalk\u0131nma ad\u0131na e\u011fitim ve yenilik\u00e7i projelerle toplumsal katma de\u011fer sa\u011flamaya \u00e7al\u0131\u015fan bireylerden olu\u015fan bir Sivil Toplum Kurulu\u015fudur. \u00dcyelerimiz, toplumlar\u0131 ile daha yak\u0131n ili\u015fkiler sayesinde hizmet sunumunda daha yenilik\u00e7i olabildikleri i\u00e7in, iyi kamu hizmetlerinin sunulmas\u0131 a\u00e7\u0131s\u0131ndan sosyal giri\u015fimlerin ve g\u00f6n\u00fcll\u00fc kurulu\u015flar\u0131n \u00f6nemine inanmaktad\u0131r. Bir Sivil Toplum Kurulu\u015fu olarak\u2026","rel":"","context":"Similar post","img":{"alt_text":"","src":"","width":0,"height":0},"classes":[]},{"id":1970,"url":"http:\/\/www.ronesans.org.tr\/v3\/kurumlar-icin\/","url_meta":{"origin":1982,"position":1},"title":"Kurumlar i\u00e7in","date":"6 March 2022","format":false,"excerpt":"1- Kapasite Geli\u015ftirme Faaliyetleri, \u00f6rne\u011fin: \u00a0 - Sosyal Kampanya Y\u00f6netimi, Fon Toplama, G\u00f6n\u00fcll\u00fc Y\u00f6netimi, Proje D\u00f6ng\u00fcs\u00fc Y\u00f6netimi, \u0130nsan Kaynaklar\u0131 Y\u00f6netimi, Sosyal Medya Y\u00f6netimi, Halkla \u0130li\u015fkiler Y\u00f6netimi, Bilgi- \u00a0 \u00a0\u0130leti\u015fim Teknolojileri Y\u00f6netimi. 2- Sosyal\u00a0Projeler: Stereotipler, K\u00fclt\u00fcr, Spor, Sanat, Cinsiyet,\u00a0Demokrasi ve Kat\u0131l\u0131m, Giri\u015fimcilik ve \u0130stihdam Edilebilirlik, Sosyal \u0130\u00e7erme. 3- Ortakl\u0131k Kurma Faaliyetleri\u2026","rel":"","context":"Similar post","img":{"alt_text":"","src":"https:\/\/i0.wp.com\/www.ronesans.org.tr\/v3\/wp-content\/uploads\/2015\/04\/capacity-building.jpg?resize=350%2C200","width":350,"height":200},"classes":[]},{"id":1944,"url":"http:\/\/www.ronesans.org.tr\/v3\/gonulluluk\/","url_meta":{"origin":1982,"position":2},"title":"G\u00f6n\u00fcll\u00fcl\u00fck","date":"6 March 2022","format":false,"excerpt":"R\u00f6nesans Enstit\u00fcs\u00fc, hem profesyonelleri hem de gen\u00e7leri faaliyetlere dahil ederek g\u00f6n\u00fcll\u00fcl\u00fck \u015fans\u0131 sunuyor. \u00a0 Enstit\u00fc, gen\u00e7ler i\u00e7in gen\u00e7lik de\u011fi\u015fimleri, gen\u00e7lik giri\u015fimleri, avrupa g\u00f6n\u00fcll\u00fc hizmetleri ve ayr\u0131ca yerel\/b\u00f6lgesel etkinliklere kat\u0131l\u0131m \u015fans\u0131 sunmaktad\u0131r. Bu gen\u00e7lerin 18-30 ya\u015flar\u0131nda olmalar\u0131 ve sosyal alanda \u00e7al\u0131\u015fmaya motive olmalar\u0131 beklenmektedir. Gen\u00e7ler web i\u00e7erik edit\u00f6r\u00fc, sosyal medya y\u00f6netimi,\u2026","rel":"","context":"Similar post","img":{"alt_text":"","src":"https:\/\/i0.wp.com\/www.ronesans.org.tr\/v3\/wp-content\/uploads\/2014\/12\/volunteering-e1321813484543.jpg?fit=730%2C365&resize=350%2C200","width":350,"height":200},"classes":[]},{"id":1974,"url":"http:\/\/www.ronesans.org.tr\/v3\/uyelik\/","url_meta":{"origin":1982,"position":3},"title":"\u00dcyelik","date":"6 March 2022","format":false,"excerpt":"\u00dcyelik ba\u015fvurusu yapabilmek i\u00e7in \u00fcyelik ba\u015fvuru formunu doldurup imzalaman\u0131z gerekmektedir. R\u00f6nesans Enstit\u00fcs\u00fc'n\u00fcn adresine g\u00f6nderin. \u00a0 \u00dcyelik Ba\u015fvuru Formu","rel":"","context":"Similar post","img":{"alt_text":"","src":"","width":0,"height":0},"classes":[]},{"id":1933,"url":"http:\/\/www.ronesans.org.tr\/v3\/1933-2\/","url_meta":{"origin":1982,"position":4},"title":"Projemiz Do it for Youth","date":"6 March 2022","format":false,"excerpt":"DO it for the Youth, Erasmus Plus Program\u0131 arac\u0131l\u0131\u011f\u0131yla Avrupa Komisyonu taraf\u0131ndan ortak finanse edilen bir projedir ve ortak STK'lar\u0131n gen\u00e7leri (personel, g\u00f6n\u00fcll\u00fcler ve yararlan\u0131c\u0131lar) s\u00fcrece dahil ederek \u00d6rg\u00fctsel Geli\u015fim Stratejilerini geli\u015ftirme ve uygulamaya koyma kapasitesini geli\u015ftirmeyi ama\u00e7lamaktad\u0131r. gen\u00e7leri ilgilendiren konularda (aktif vatanda\u015fl\u0131k, k\u00fclt\u00fcrleraras\u0131 diyalog, sosyal i\u00e7erme ve i\u015fg\u00fcc\u00fc piyasas\u0131na\u2026","rel":"","context":"Similar post","img":{"alt_text":"","src":"","width":0,"height":0},"classes":[]},{"id":1939,"url":"http:\/\/www.ronesans.org.tr\/v3\/projemiz-do-it-for-the-youth\/","url_meta":{"origin":1982,"position":5},"title":"Projemiz Do it for the Youth","date":"6 March 2022","format":false,"excerpt":"DO it for the Youth , Erasmus Plus Program\u0131 arac\u0131l\u0131\u011f\u0131yla Avrupa Komisyonu taraf\u0131ndan ortak finanse edilen bir projedir ve ortak STK'lar\u0131n gen\u00e7leri (personel, g\u00f6n\u00fcll\u00fcler ve yararlan\u0131c\u0131lar) s\u00fcrece dahil ederek \u00d6rg\u00fctsel Geli\u015fim Stratejilerini geli\u015ftirme ve uygulamaya koyma kapasitesini geli\u015ftirmeyi ama\u00e7lamaktad\u0131r. gen\u00e7leri ilgilendiren konularda (aktif vatanda\u015fl\u0131k, k\u00fclt\u00fcrleraras\u0131 diyalog, sosyal i\u00e7erme ve i\u015fg\u00fcc\u00fc\u2026","rel":"","context":"Similar post","img":{"alt_text":"","src":"","width":0,"height":0},"classes":[]}],"_links":{"self":[{"href":"http:\/\/www.ronesans.org.tr\/v3\/wp-json\/wp\/v2\/pages\/1982"}],"collection":[{"href":"http:\/\/www.ronesans.org.tr\/v3\/wp-json\/wp\/v2\/pages"}],"about":[{"href":"http:\/\/www.ronesans.org.tr\/v3\/wp-json\/wp\/v2\/types\/page"}],"author":[{"embeddable":true,"href":"http:\/\/www.ronesans.org.tr\/v3\/wp-json\/wp\/v2\/users\/1"}],"replies":[{"embeddable":true,"href":"http:\/\/www.ronesans.org.tr\/v3\/wp-json\/wp\/v2\/comments?post=1982"}],"version-history":[{"count":2,"href":"http:\/\/www.ronesans.org.tr\/v3\/wp-json\/wp\/v2\/pages\/1982\/revisions"}],"predecessor-version":[{"id":1986,"href":"http:\/\/www.ronesans.org.tr\/v3\/wp-json\/wp\/v2\/pages\/1982\/revisions\/1986"}],"wp:attachment":[{"href":"http:\/\/www.ronesans.org.tr\/v3\/wp-json\/wp\/v2\/media?parent=1982"}],"curies":[{"name":"wp","href":"https:\/\/api.w.org\/{rel}","templated":true}]}}