{"id":2,"date":"2014-03-04T14:55:31","date_gmt":"2014-03-04T12:55:31","guid":{"rendered":"http:\/\/renaissanceinstitute.eu\/v1\/?page_id=2"},"modified":"2022-03-06T18:28:26","modified_gmt":"2022-03-06T15:28:26","slug":"about-us","status":"publish","type":"page","link":"http:\/\/www.ronesans.org.tr\/v3\/en\/about-us\/","title":{"rendered":"Our Mission &#038; Vision"},"content":{"rendered":"<p>Renaissance Institute is a Non-Governmental Organization which consists of individuals seeking to provide social added value for the sake of sustainable development through educational and innovative projects. Our members believe in the importance of social enterprises and voluntary organizations in terms of delivering good public services as they can be more innovative in service delivery thanks to closer relationships with their communities. As a Non-Governmental Organisation, Renaissance Institute works with high motivational performance which is beyond bureaucratic limitations that the public sector has. Renaissance Institute creates and runs many national and transnational projects\/events\/activities in collaboration with a wide spectrum of organizations: public bodies, universities, companies, foundations, associations and communities, as well as local, regional and national authorities. By offering capacity building trainings and tools to organizations and individuals from different sectors, we aim to generate a multi-sectoral synergy for sustainable development. Moreover, our team members aim to contribute to the development of support systems for citizens. Members take actions to make the voice of the citizens heard and let them make a move to explore and realize their potential.<\/p>\n<p><em><strong>Our Mission<\/strong><\/em><em>\u00a0is to create social added value in order to provide high quality and inclusive youth services in educational, social and cultural areas and mobilize the potential of young people.<\/em><\/p>\n<p><strong><em>Our Vision <\/em><\/strong><em>is to produce sustainable solutions by incorporating and collaborating with people who adopt our principles and values and by carrying out international youth works that provide guidance and leadership.<\/em><\/p>\n<p>&nbsp;<\/p>\n<p>Our Standing Rule:\u00a0<a href=\"http:\/\/www.ronesans.org.tr\/documents\/ri_standing_rule.pdf\" target=\"_blank\" rel=\"noopener\">Click here to download<\/a>\u00a0(current)<\/p>\n<p>Former standing rules: <a href=\"http:\/\/www.ronesans.org.tr\/documents\/ri_standing_rule_eski1.pdf\" target=\"_blank\" rel=\"noopener\">21\/07\/2013 &#8211; 21\/12\/2013<\/a><\/p>\n<p>&nbsp;<\/p>\n<p>&nbsp;<\/p>\n","protected":false},"excerpt":{"rendered":"<p>Renaissance Institute is a Non-Governmental Organization which consists of individuals seeking to provide social added value for the sake of sustainable development through educational and innovative projects. Our members believe in the importance of social [&hellip;]<\/p>\n","protected":false},"author":1,"featured_media":0,"parent":0,"menu_order":0,"comment_status":"closed","ping_status":"closed","template":"","meta":{"spay_email":""},"jetpack_sharing_enabled":true,"jetpack-related-posts":[{"id":353,"url":"http:\/\/www.ronesans.org.tr\/v3\/en\/volunteering\/","url_meta":{"origin":2,"position":0},"title":"Volunteering","date":"13 December 2014","format":false,"excerpt":"\u00a0 Renaissance Institute offers volunteering chances to both professionals and young people by involving them into activities. \u00a0 For young people,\u00a0 the Institute offers youth exchanges, youth initiatives, european voluntary services and also participation chance to local\/regional activities.\u00a0 These young people are expected to be at the age of 18\u2026","rel":"","context":"Similar post","img":{"alt_text":"","src":"https:\/\/i0.wp.com\/www.ronesans.org.tr\/v3\/wp-content\/uploads\/2014\/12\/volunteering-e1321813484543.jpg?fit=730%2C365&resize=350%2C200","width":350,"height":200},"classes":[]},{"id":22,"url":"http:\/\/www.ronesans.org.tr\/v3\/en\/contact\/","url_meta":{"origin":2,"position":1},"title":"Contact","date":"5 March 2014","format":false,"excerpt":"Renaissance Institute Registration Name: R\u00f6nesans Enstit\u00fcs\u00fc Derne\u011fi (Turkish) & Association of Renaissance Institute (English) National Registration Code: 06-111-020 Head Office Address: Fatih Mahallesi Vak\u0131f Caddesi Pilot Bnb. M. Oguz Sever Sokak No:1 Kahramankazan - ANKARA - T\u00dcRK\u0130YE 06980 E-mail: info@ronesans.org.tr Social Media: https:\/\/www.linkedin.com\/company\/5895503 https:\/\/www.instagram.com\/renaissance_tr https:\/\/www.facebook.com\/renaissancetr https:\/\/twitter.com\/renaissance_tr","rel":"","context":"Similar post","img":{"alt_text":"","src":"https:\/\/i0.wp.com\/www.ronesans.org.tr\/v3\/wp-content\/uploads\/2014\/03\/contact-us.jpg?fit=770%2C373&resize=350%2C200","width":350,"height":200},"classes":[]},{"id":1299,"url":"http:\/\/www.ronesans.org.tr\/v3\/en\/youth-organisations-forum\/","url_meta":{"origin":2,"position":2},"title":"Youth Organisations&#8217; Forum","date":"8 January 2017","format":false,"excerpt":"Assoc. of Renaissance Institute is one of 28 founding members of Youth Organisations' Forum in Turkey which is acting as National Youth Council since 28 Jan 2014. Since December 2016, Association of Renaissance Institute became the board member of Youth Organisations' Forum for two years period. First introduced in 2003\u2026","rel":"","context":"Similar post","img":{"alt_text":"","src":"https:\/\/i0.wp.com\/www.ronesans.org.tr\/v3\/wp-content\/uploads\/2017\/01\/logo_gofor.png?fit=400%2C400&resize=350%2C200","width":350,"height":200},"classes":[]},{"id":715,"url":"http:\/\/www.ronesans.org.tr\/v3\/en\/team\/","url_meta":{"origin":2,"position":3},"title":"The Team","date":"5 June 2015","format":false,"excerpt":"","rel":"","context":"Similar post","img":{"alt_text":"","src":"","width":0,"height":0},"classes":[]},{"id":5,"url":"http:\/\/www.ronesans.org.tr\/v3\/en\/membership\/","url_meta":{"origin":2,"position":4},"title":"Membership","date":"5 March 2014","format":false,"excerpt":"In order to apply for membership you have to fill & sign membership application form. Send it to address of the Renaissance Institute. Membership Application Form","rel":"","context":"Similar post","img":{"alt_text":"","src":"","width":0,"height":0},"classes":[]},{"id":690,"url":"http:\/\/www.ronesans.org.tr\/v3\/en\/references\/","url_meta":{"origin":2,"position":5},"title":"References","date":"18 May 2015","format":false,"excerpt":"List of Institutions benefiting from Renaissance Institutte's services\/products Ankara University Hacettepe University Erzincan University Siirt University Siirt Governership General Directorate of Sports Federation of Orienteering Turkish Red Crescent Association European Cooperative Youth Cooperative Network Association of Children with Celebral Palsy Kahramanmaras Mountaineering,Search&Rescue,Outdoor Sports Association","rel":"","context":"Similar post","img":{"alt_text":"","src":"","width":0,"height":0},"classes":[]}],"_links":{"self":[{"href":"http:\/\/www.ronesans.org.tr\/v3\/wp-json\/wp\/v2\/pages\/2"}],"collection":[{"href":"http:\/\/www.ronesans.org.tr\/v3\/wp-json\/wp\/v2\/pages"}],"about":[{"href":"http:\/\/www.ronesans.org.tr\/v3\/wp-json\/wp\/v2\/types\/page"}],"author":[{"embeddable":true,"href":"http:\/\/www.ronesans.org.tr\/v3\/wp-json\/wp\/v2\/users\/1"}],"replies":[{"embeddable":true,"href":"http:\/\/www.ronesans.org.tr\/v3\/wp-json\/wp\/v2\/comments?post=2"}],"version-history":[{"count":22,"href":"http:\/\/www.ronesans.org.tr\/v3\/wp-json\/wp\/v2\/pages\/2\/revisions"}],"predecessor-version":[{"id":1922,"href":"http:\/\/www.ronesans.org.tr\/v3\/wp-json\/wp\/v2\/pages\/2\/revisions\/1922"}],"wp:attachment":[{"href":"http:\/\/www.ronesans.org.tr\/v3\/wp-json\/wp\/v2\/media?parent=2"}],"curies":[{"name":"wp","href":"https:\/\/api.w.org\/{rel}","templated":true}]}}