{"id":495,"date":"2015-04-08T15:22:18","date_gmt":"2015-04-08T12:22:18","guid":{"rendered":"http:\/\/renaissanceinstitute.eu\/v1\/?page_id=495"},"modified":"2022-03-06T17:52:44","modified_gmt":"2022-03-06T14:52:44","slug":"board","status":"publish","type":"page","link":"http:\/\/www.ronesans.org.tr\/v3\/en\/board\/","title":{"rendered":"Board Members"},"content":{"rendered":"<p><strong>Board Members (2020 &#8211; 2021)<\/strong><br \/>\n<div class=\"ots-team-view\" id=\"\" data-id=\"ots-69e0bb756cbc0\">\r\n<div id=\"sc_our_team\" class=\"grid sc-col4\">\r\n\r\n    <div class=\"clear\"><\/div>\r\n\r\n    \r\n        \r\n                \r\n            <div itemscope itemtype=\"http:\/\/schema.org\/Person\" \r\n                 class=\"sc_team_member\" \r\n                 data-id=\"1685\"\r\n                data-group=\"Board Members;R\u00f6nesans Tak\u0131m\u0131;Team of Renaissance Institute;Y\u00f6netim Kurulu\">\r\n\r\n                <div class=\"sc_team_member_inner\">\r\n\r\n                    <img width=\"400\" height=\"540\" src=\"https:\/\/i0.wp.com\/www.ronesans.org.tr\/v3\/wp-content\/uploads\/2020\/04\/emre.jpg?fit=400%2C540\" class=\"attachment-large size-large wp-post-image\" alt=\"\" loading=\"lazy\" srcset=\"https:\/\/i0.wp.com\/www.ronesans.org.tr\/v3\/wp-content\/uploads\/2020\/04\/emre.jpg?w=400 400w, https:\/\/i0.wp.com\/www.ronesans.org.tr\/v3\/wp-content\/uploads\/2020\/04\/emre.jpg?resize=222%2C300 222w\" sizes=\"(max-width: 400px) 100vw, 400px\" \/>\r\n                    \r\n                        <div itemprop=\"name\" class=\"sc_team_member_name\">Emre Bilgin<\/div>\r\n\r\n                    \r\n                    \r\n                        <div itemprop=\"jobtitle\" class=\"sc_team_member_jobtitle\">\r\n                            Board Member                        <\/div>\r\n\r\n                    \r\n                    <div class=\"icons \">\r\n                                            <\/div>\r\n\r\n                    <div class=\"sc_team_member_overlay\"><\/div>\r\n\r\n                    \r\n                        <div class=\"sc_team_more\">\r\n                            <a href=\"http:\/\/www.ronesans.org.tr\/v3\/team_member\/emre-bilgin\/\"\r\n                               class=\"team_member_link\"\r\n                               rel=\"bookmark\">\r\n\r\n                                <img src=\"https:\/\/i0.wp.com\/www.ronesans.org.tr\/v3\/wp-content\/plugins\/our-team-enhanced\/assets\/images\/more.png?w=720\" data-recalc-dims=\"1\"\/>\r\n\r\n                            <\/a>\r\n                        <\/div>\r\n\r\n                    \r\n                <\/div>\r\n\r\n            <\/div>\r\n\r\n            \r\n        \r\n                \r\n            <div itemscope itemtype=\"http:\/\/schema.org\/Person\" \r\n                 class=\"sc_team_member\" \r\n                 data-id=\"713\"\r\n                data-group=\"Board Members;R\u00f6nesans Tak\u0131m\u0131;Team of Renaissance Institute;Y\u00f6netim Kurulu\">\r\n\r\n                <div class=\"sc_team_member_inner\">\r\n\r\n                    <img width=\"349\" height=\"373\" src=\"https:\/\/i0.wp.com\/www.ronesans.org.tr\/v3\/wp-content\/uploads\/2015\/05\/foto-e1431793555500.jpg?fit=349%2C373\" class=\"attachment-large size-large wp-post-image\" alt=\"\" loading=\"lazy\" srcset=\"https:\/\/i0.wp.com\/www.ronesans.org.tr\/v3\/wp-content\/uploads\/2015\/05\/foto-e1431793555500.jpg?w=349 349w, https:\/\/i0.wp.com\/www.ronesans.org.tr\/v3\/wp-content\/uploads\/2015\/05\/foto-e1431793555500.jpg?resize=281%2C300 281w\" sizes=\"(max-width: 349px) 100vw, 349px\" \/>\r\n                    \r\n                        <div itemprop=\"name\" class=\"sc_team_member_name\">\u00d6zg\u00fcr Ya\u015far AKYAR<\/div>\r\n\r\n                    \r\n                    \r\n                        <div itemprop=\"jobtitle\" class=\"sc_team_member_jobtitle\">\r\n                            Board Member                        <\/div>\r\n\r\n                    \r\n                    <div class=\"icons \">\r\n                        <a  class=\"sc_social\"  target=\"_blank\" href=\"mailto:akyar@ronesans.org.tr\"><img src=\"https:\/\/i0.wp.com\/www.ronesans.org.tr\/v3\/wp-content\/plugins\/our-team-enhanced\/assets\/images\/social\/email.png?w=720\" data-recalc-dims=\"1\"\/><\/a>                    <\/div>\r\n\r\n                    <div class=\"sc_team_member_overlay\"><\/div>\r\n\r\n                    \r\n                        <div class=\"sc_team_more\">\r\n                            <a href=\"http:\/\/www.ronesans.org.tr\/v3\/team_member\/ozgur-yasar-akyar\/\"\r\n                               class=\"team_member_link\"\r\n                               rel=\"bookmark\">\r\n\r\n                                <img src=\"https:\/\/i0.wp.com\/www.ronesans.org.tr\/v3\/wp-content\/plugins\/our-team-enhanced\/assets\/images\/more.png?w=720\" data-recalc-dims=\"1\"\/>\r\n\r\n                            <\/a>\r\n                        <\/div>\r\n\r\n                    \r\n                <\/div>\r\n\r\n            <\/div>\r\n\r\n            \r\n        \r\n                \r\n            <div itemscope itemtype=\"http:\/\/schema.org\/Person\" \r\n                 class=\"sc_team_member\" \r\n                 data-id=\"720\"\r\n                data-group=\"Board Members;R\u00f6nesans Tak\u0131m\u0131;Team of Renaissance Institute;Y\u00f6netim Kurulu\">\r\n\r\n                <div class=\"sc_team_member_inner\">\r\n\r\n                    <img width=\"720\" height=\"742\" src=\"https:\/\/i0.wp.com\/www.ronesans.org.tr\/v3\/wp-content\/uploads\/2015\/05\/1293061_10151822966536590_942015657_o.jpg?fit=720%2C742\" class=\"attachment-large size-large wp-post-image\" alt=\"\" loading=\"lazy\" srcset=\"https:\/\/i0.wp.com\/www.ronesans.org.tr\/v3\/wp-content\/uploads\/2015\/05\/1293061_10151822966536590_942015657_o.jpg?w=1043 1043w, https:\/\/i0.wp.com\/www.ronesans.org.tr\/v3\/wp-content\/uploads\/2015\/05\/1293061_10151822966536590_942015657_o.jpg?resize=291%2C300 291w, https:\/\/i0.wp.com\/www.ronesans.org.tr\/v3\/wp-content\/uploads\/2015\/05\/1293061_10151822966536590_942015657_o.jpg?resize=999%2C1030 999w\" sizes=\"(max-width: 720px) 100vw, 720px\" \/>\r\n                    \r\n                        <div itemprop=\"name\" class=\"sc_team_member_name\">Onur YAL\u00c7IN<\/div>\r\n\r\n                    \r\n                    \r\n                        <div itemprop=\"jobtitle\" class=\"sc_team_member_jobtitle\">\r\n                            President                        <\/div>\r\n\r\n                    \r\n                    <div class=\"icons \">\r\n                        <a  class=\"sc_social\"  target=\"_blank\" href=\"mailto:yalcin@ronesans.org.tr\"><img src=\"https:\/\/i0.wp.com\/www.ronesans.org.tr\/v3\/wp-content\/plugins\/our-team-enhanced\/assets\/images\/social\/email.png?w=720\" data-recalc-dims=\"1\"\/><\/a>                    <\/div>\r\n\r\n                    <div class=\"sc_team_member_overlay\"><\/div>\r\n\r\n                    \r\n                        <div class=\"sc_team_more\">\r\n                            <a href=\"http:\/\/www.ronesans.org.tr\/v3\/team_member\/onur-yalcin\/\"\r\n                               class=\"team_member_link\"\r\n                               rel=\"bookmark\">\r\n\r\n                                <img src=\"https:\/\/i0.wp.com\/www.ronesans.org.tr\/v3\/wp-content\/plugins\/our-team-enhanced\/assets\/images\/more.png?w=720\" data-recalc-dims=\"1\"\/>\r\n\r\n                            <\/a>\r\n                        <\/div>\r\n\r\n                    \r\n                <\/div>\r\n\r\n            <\/div>\r\n\r\n            \r\n        \r\n                \r\n            <div itemscope itemtype=\"http:\/\/schema.org\/Person\" \r\n                 class=\"sc_team_member\" \r\n                 data-id=\"719\"\r\n                data-group=\"Board Members;R\u00f6nesans Tak\u0131m\u0131;Team of Renaissance Institute;Y\u00f6netim Kurulu\">\r\n\r\n                <div class=\"sc_team_member_inner\">\r\n\r\n                    <img width=\"677\" height=\"676\" src=\"https:\/\/i0.wp.com\/www.ronesans.org.tr\/v3\/wp-content\/uploads\/2015\/06\/14233139_10154447689731873_6519446185596253900_n.jpg?fit=677%2C676\" class=\"attachment-large size-large wp-post-image\" alt=\"\" loading=\"lazy\" srcset=\"https:\/\/i0.wp.com\/www.ronesans.org.tr\/v3\/wp-content\/uploads\/2015\/06\/14233139_10154447689731873_6519446185596253900_n.jpg?w=677 677w, https:\/\/i0.wp.com\/www.ronesans.org.tr\/v3\/wp-content\/uploads\/2015\/06\/14233139_10154447689731873_6519446185596253900_n.jpg?resize=80%2C80 80w, https:\/\/i0.wp.com\/www.ronesans.org.tr\/v3\/wp-content\/uploads\/2015\/06\/14233139_10154447689731873_6519446185596253900_n.jpg?resize=300%2C300 300w\" sizes=\"(max-width: 677px) 100vw, 677px\" \/>\r\n                    \r\n                        <div itemprop=\"name\" class=\"sc_team_member_name\">Eren UZUN<\/div>\r\n\r\n                    \r\n                    \r\n                        <div itemprop=\"jobtitle\" class=\"sc_team_member_jobtitle\">\r\n                            Board Member                        <\/div>\r\n\r\n                    \r\n                    <div class=\"icons \">\r\n                        <a  class=\"sc_social\"  target=\"_blank\" href=\"https:\/\/www.facebook.com\/erenuzun\"><img src=\"https:\/\/i0.wp.com\/www.ronesans.org.tr\/v3\/wp-content\/plugins\/our-team-enhanced\/assets\/images\/social\/facebook.png?w=720\" data-recalc-dims=\"1\"\/><\/a><a  class=\"sc_social\"  target=\"_blank\" href=\"mailto:erenuzun@ronesans.org.tr\"><img src=\"https:\/\/i0.wp.com\/www.ronesans.org.tr\/v3\/wp-content\/plugins\/our-team-enhanced\/assets\/images\/social\/email.png?w=720\" data-recalc-dims=\"1\"\/><\/a>                    <\/div>\r\n\r\n                    <div class=\"sc_team_member_overlay\"><\/div>\r\n\r\n                    \r\n                        <div class=\"sc_team_more\">\r\n                            <a href=\"http:\/\/www.ronesans.org.tr\/v3\/team_member\/eren-uzun\/\"\r\n                               class=\"team_member_link\"\r\n                               rel=\"bookmark\">\r\n\r\n                                <img src=\"https:\/\/i0.wp.com\/www.ronesans.org.tr\/v3\/wp-content\/plugins\/our-team-enhanced\/assets\/images\/more.png?w=720\" data-recalc-dims=\"1\"\/>\r\n\r\n                            <\/a>\r\n                        <\/div>\r\n\r\n                    \r\n                <\/div>\r\n\r\n            <\/div>\r\n\r\n            \r\n        \r\n                \r\n            <div itemscope itemtype=\"http:\/\/schema.org\/Person\" \r\n                 class=\"sc_team_member\" \r\n                 data-id=\"849\"\r\n                data-group=\"Board Members;Team of Renaissance Institute;Y\u00f6netim Kurulu\">\r\n\r\n                <div class=\"sc_team_member_inner\">\r\n\r\n                    <img width=\"443\" height=\"443\" src=\"https:\/\/i0.wp.com\/www.ronesans.org.tr\/v3\/wp-content\/uploads\/2015\/07\/11830070_722719344540478_2029828503_n.jpg?fit=443%2C443\" class=\"attachment-large size-large wp-post-image\" alt=\"\" loading=\"lazy\" srcset=\"https:\/\/i0.wp.com\/www.ronesans.org.tr\/v3\/wp-content\/uploads\/2015\/07\/11830070_722719344540478_2029828503_n.jpg?w=443 443w, https:\/\/i0.wp.com\/www.ronesans.org.tr\/v3\/wp-content\/uploads\/2015\/07\/11830070_722719344540478_2029828503_n.jpg?resize=80%2C80 80w, https:\/\/i0.wp.com\/www.ronesans.org.tr\/v3\/wp-content\/uploads\/2015\/07\/11830070_722719344540478_2029828503_n.jpg?resize=300%2C300 300w\" sizes=\"(max-width: 443px) 100vw, 443px\" \/>\r\n                    \r\n                        <div itemprop=\"name\" class=\"sc_team_member_name\">Hazar AKYAR<\/div>\r\n\r\n                    \r\n                    \r\n                        <div itemprop=\"jobtitle\" class=\"sc_team_member_jobtitle\">\r\n                            Vice President                        <\/div>\r\n\r\n                    \r\n                    <div class=\"icons \">\r\n                        <a  class=\"sc_social\"  target=\"_blank\" href=\"mailto:hakyar@ronesans.org.tr\"><img src=\"https:\/\/i0.wp.com\/www.ronesans.org.tr\/v3\/wp-content\/plugins\/our-team-enhanced\/assets\/images\/social\/email.png?w=720\" data-recalc-dims=\"1\"\/><\/a>                    <\/div>\r\n\r\n                    <div class=\"sc_team_member_overlay\"><\/div>\r\n\r\n                    \r\n                        <div class=\"sc_team_more\">\r\n                            <a href=\"http:\/\/www.ronesans.org.tr\/v3\/team_member\/hazar-akyar\/\"\r\n                               class=\"team_member_link\"\r\n                               rel=\"bookmark\">\r\n\r\n                                <img src=\"https:\/\/i0.wp.com\/www.ronesans.org.tr\/v3\/wp-content\/plugins\/our-team-enhanced\/assets\/images\/more.png?w=720\" data-recalc-dims=\"1\"\/>\r\n\r\n                            <\/a>\r\n                        <\/div>\r\n\r\n                    \r\n                <\/div>\r\n\r\n            <\/div>\r\n\r\n            \r\n        \r\n                \r\n            <div itemscope itemtype=\"http:\/\/schema.org\/Person\" \r\n                 class=\"sc_team_member\" \r\n                 data-id=\"1684\"\r\n                data-group=\"Board Members;R\u00f6nesans Tak\u0131m\u0131;Team of Renaissance Institute;Y\u00f6netim Kurulu\">\r\n\r\n                <div class=\"sc_team_member_inner\">\r\n\r\n                    <img src=\"https:\/\/i0.wp.com\/www.ronesans.org.tr\/v3\/wp-content\/plugins\/our-team-enhanced\/assets\/images\/default-avatar.png?w=720\" class=\"attachment-medium wp-post-image\" width=\"\" height=\"\" data-recalc-dims=\"1\" \/>\r\n                    \r\n                        <div itemprop=\"name\" class=\"sc_team_member_name\">Ali Elg\u00fcn<\/div>\r\n\r\n                    \r\n                    \r\n                        <div itemprop=\"jobtitle\" class=\"sc_team_member_jobtitle\">\r\n                            Board Member                        <\/div>\r\n\r\n                    \r\n                    <div class=\"icons \">\r\n                                            <\/div>\r\n\r\n                    <div class=\"sc_team_member_overlay\"><\/div>\r\n\r\n                    \r\n                        <div class=\"sc_team_more\">\r\n                            <a href=\"http:\/\/www.ronesans.org.tr\/v3\/team_member\/ali-elgun\/\"\r\n                               class=\"team_member_link\"\r\n                               rel=\"bookmark\">\r\n\r\n                                <img src=\"https:\/\/i0.wp.com\/www.ronesans.org.tr\/v3\/wp-content\/plugins\/our-team-enhanced\/assets\/images\/more.png?w=720\" data-recalc-dims=\"1\"\/>\r\n\r\n                            <\/a>\r\n                        <\/div>\r\n\r\n                    \r\n                <\/div>\r\n\r\n            <\/div>\r\n\r\n            \r\n        \r\n    \r\n    <div class=\"clear\"><\/div>\r\n\r\n<\/div>\r\n<\/div><\/p>\n","protected":false},"excerpt":{"rendered":"<p>Board Members (2020 &#8211; 2021)<\/p>\n","protected":false},"author":1,"featured_media":0,"parent":0,"menu_order":0,"comment_status":"closed","ping_status":"open","template":"","meta":{"spay_email":""},"jetpack_sharing_enabled":true,"jetpack-related-posts":[{"id":498,"url":"http:\/\/www.ronesans.org.tr\/v3\/en\/board-of-auditors\/","url_meta":{"origin":495,"position":0},"title":"Board of Auditors","date":"8 April 2015","format":false,"excerpt":"Board of Auditors (2020 - 2021)","rel":"","context":"Similar post","img":{"alt_text":"","src":"","width":0,"height":0},"classes":[]},{"id":1299,"url":"http:\/\/www.ronesans.org.tr\/v3\/en\/youth-organisations-forum\/","url_meta":{"origin":495,"position":1},"title":"Youth Organisations&#8217; Forum","date":"8 January 2017","format":false,"excerpt":"Assoc. of Renaissance Institute is one of 28 founding members of Youth Organisations' Forum in Turkey which is acting as National Youth Council since 28 Jan 2014. Since December 2016, Association of Renaissance Institute became the board member of Youth Organisations' Forum for two years period. First introduced in 2003\u2026","rel":"","context":"Similar post","img":{"alt_text":"","src":"https:\/\/i0.wp.com\/www.ronesans.org.tr\/v3\/wp-content\/uploads\/2017\/01\/logo_gofor.png?fit=400%2C400&resize=350%2C200","width":350,"height":200},"classes":[]},{"id":2,"url":"http:\/\/www.ronesans.org.tr\/v3\/en\/about-us\/","url_meta":{"origin":495,"position":2},"title":"Our Mission &#038; Vision","date":"4 March 2014","format":false,"excerpt":"Renaissance Institute is a Non-Governmental Organization which consists of individuals seeking to provide social added value for the sake of sustainable development through educational and innovative projects. Our members believe in the importance of social enterprises and voluntary organizations in terms of delivering good public services as they can be\u2026","rel":"","context":"With 1 comment","img":{"alt_text":"","src":"","width":0,"height":0},"classes":[]},{"id":877,"url":"http:\/\/www.ronesans.org.tr\/v3\/en\/values-principles\/","url_meta":{"origin":495,"position":3},"title":"Values &#038; Principles","date":"10 August 2015","format":false,"excerpt":"Our Values and Principles To be team player To be proactive To create synergy To be honest Seek first to understand then to be understood To be inclusive To care about team members To trust and be trusted To create win win relation To be non-profit To include young people\u2026","rel":"","context":"Similar post","img":{"alt_text":"","src":"https:\/\/i0.wp.com\/www.ronesans.org.tr\/v3\/wp-content\/uploads\/2015\/08\/url.jpg?fit=1200%2C675&resize=350%2C200","width":350,"height":200},"classes":[]},{"id":715,"url":"http:\/\/www.ronesans.org.tr\/v3\/en\/team\/","url_meta":{"origin":495,"position":4},"title":"The Team","date":"5 June 2015","format":false,"excerpt":"","rel":"","context":"Similar post","img":{"alt_text":"","src":"","width":0,"height":0},"classes":[]},{"id":564,"url":"http:\/\/www.ronesans.org.tr\/v3\/en\/training-courses\/","url_meta":{"origin":495,"position":5},"title":"For Individuals","date":"29 April 2015","format":false,"excerpt":"1- Trainings Courses \u00a0 Project Cycle Management, Entrepreneurship, Gender, Democracy, Social Inclusion, Active Citizenship, Human Rights, Unemployment, Participation 2-Seminars for experts to share and develop knowledge about NGOs, social work & youth work 3-\u00a0 Internships \u00a0 for young people interested in our field of areas","rel":"","context":"Similar post","img":{"alt_text":"","src":"https:\/\/i0.wp.com\/www.ronesans.org.tr\/v3\/wp-content\/uploads\/2015\/04\/sem.jpg?resize=350%2C200","width":350,"height":200},"classes":[]}],"_links":{"self":[{"href":"http:\/\/www.ronesans.org.tr\/v3\/wp-json\/wp\/v2\/pages\/495"}],"collection":[{"href":"http:\/\/www.ronesans.org.tr\/v3\/wp-json\/wp\/v2\/pages"}],"about":[{"href":"http:\/\/www.ronesans.org.tr\/v3\/wp-json\/wp\/v2\/types\/page"}],"author":[{"embeddable":true,"href":"http:\/\/www.ronesans.org.tr\/v3\/wp-json\/wp\/v2\/users\/1"}],"replies":[{"embeddable":true,"href":"http:\/\/www.ronesans.org.tr\/v3\/wp-json\/wp\/v2\/comments?post=495"}],"version-history":[{"count":6,"href":"http:\/\/www.ronesans.org.tr\/v3\/wp-json\/wp\/v2\/pages\/495\/revisions"}],"predecessor-version":[{"id":1677,"href":"http:\/\/www.ronesans.org.tr\/v3\/wp-json\/wp\/v2\/pages\/495\/revisions\/1677"}],"wp:attachment":[{"href":"http:\/\/www.ronesans.org.tr\/v3\/wp-json\/wp\/v2\/media?parent=495"}],"curies":[{"name":"wp","href":"https:\/\/api.w.org\/{rel}","templated":true}]}}