{"id":498,"date":"2015-04-08T15:25:04","date_gmt":"2015-04-08T12:25:04","guid":{"rendered":"http:\/\/renaissanceinstitute.eu\/v1\/?page_id=498"},"modified":"2022-03-06T18:27:35","modified_gmt":"2022-03-06T15:27:35","slug":"board-of-auditors","status":"publish","type":"page","link":"http:\/\/www.ronesans.org.tr\/v3\/en\/board-of-auditors\/","title":{"rendered":"Board of Auditors"},"content":{"rendered":"<p><strong>Board of Auditors (2020 &#8211; 2021)<\/strong><\/p>\n<div class=\"ots-team-view\" id=\"\" data-id=\"ots-69e4f83b347da\">\r\n<div id=\"sc_our_team\" class=\"grid sc-col4\">\r\n\r\n    <div class=\"clear\"><\/div>\r\n\r\n    \r\n        \r\n                \r\n            <div itemscope itemtype=\"http:\/\/schema.org\/Person\" \r\n                 class=\"sc_team_member\" \r\n                 data-id=\"722\"\r\n                data-group=\"Board of Auditors;R\u00f6nesans Tak\u0131m\u0131;Team of Renaissance Institute\">\r\n\r\n                <div class=\"sc_team_member_inner\">\r\n\r\n                    <img width=\"720\" height=\"720\" src=\"https:\/\/i0.wp.com\/www.ronesans.org.tr\/v3\/wp-content\/uploads\/2015\/05\/10698407_639328126190504_2089293196390426658_n.jpg?fit=720%2C720\" class=\"attachment-large size-large wp-post-image\" alt=\"\" loading=\"lazy\" srcset=\"https:\/\/i0.wp.com\/www.ronesans.org.tr\/v3\/wp-content\/uploads\/2015\/05\/10698407_639328126190504_2089293196390426658_n.jpg?w=960 960w, https:\/\/i0.wp.com\/www.ronesans.org.tr\/v3\/wp-content\/uploads\/2015\/05\/10698407_639328126190504_2089293196390426658_n.jpg?resize=80%2C80 80w, https:\/\/i0.wp.com\/www.ronesans.org.tr\/v3\/wp-content\/uploads\/2015\/05\/10698407_639328126190504_2089293196390426658_n.jpg?resize=300%2C300 300w\" sizes=\"(max-width: 720px) 100vw, 720px\" \/>\r\n                    \r\n                        <div itemprop=\"name\" class=\"sc_team_member_name\">Sad\u0131k DEM\u0130RBA\u011e<\/div>\r\n\r\n                    \r\n                    \r\n                        <div itemprop=\"jobtitle\" class=\"sc_team_member_jobtitle\">\r\n                                                    <\/div>\r\n\r\n                    \r\n                    <div class=\"icons \">\r\n                        <a  class=\"sc_social\"  target=\"_blank\" href=\"mailto:demirbag@ronesans.org.tr\"><img src=\"https:\/\/i0.wp.com\/www.ronesans.org.tr\/v3\/wp-content\/plugins\/our-team-enhanced\/assets\/images\/social\/email.png?w=720\" data-recalc-dims=\"1\"\/><\/a>                    <\/div>\r\n\r\n                    <div class=\"sc_team_member_overlay\"><\/div>\r\n\r\n                    \r\n                        <div class=\"sc_team_more\">\r\n                            <a href=\"http:\/\/www.ronesans.org.tr\/v3\/team_member\/sadik-demirbag\/\"\r\n                               class=\"team_member_link\"\r\n                               rel=\"bookmark\">\r\n\r\n                                <img src=\"https:\/\/i0.wp.com\/www.ronesans.org.tr\/v3\/wp-content\/plugins\/our-team-enhanced\/assets\/images\/more.png?w=720\" data-recalc-dims=\"1\"\/>\r\n\r\n                            <\/a>\r\n                        <\/div>\r\n\r\n                    \r\n                <\/div>\r\n\r\n            <\/div>\r\n\r\n            \r\n        \r\n    \r\n    <div class=\"clear\"><\/div>\r\n\r\n<\/div>\r\n<\/div>\n","protected":false},"excerpt":{"rendered":"<p>Board of Auditors (2020 &#8211; 2021)<\/p>\n","protected":false},"author":1,"featured_media":0,"parent":0,"menu_order":0,"comment_status":"closed","ping_status":"closed","template":"","meta":{"spay_email":""},"jetpack_sharing_enabled":true,"jetpack-related-posts":[{"id":495,"url":"http:\/\/www.ronesans.org.tr\/v3\/en\/board\/","url_meta":{"origin":498,"position":0},"title":"Board Members","date":"8 April 2015","format":false,"excerpt":"Board Members (2020 - 2021)","rel":"","context":"Similar post","img":{"alt_text":"","src":"","width":0,"height":0},"classes":[]},{"id":1299,"url":"http:\/\/www.ronesans.org.tr\/v3\/en\/youth-organisations-forum\/","url_meta":{"origin":498,"position":1},"title":"Youth Organisations&#8217; Forum","date":"8 January 2017","format":false,"excerpt":"Assoc. of Renaissance Institute is one of 28 founding members of Youth Organisations' Forum in Turkey which is acting as National Youth Council since 28 Jan 2014. Since December 2016, Association of Renaissance Institute became the board member of Youth Organisations' Forum for two years period. First introduced in 2003\u2026","rel":"","context":"Similar post","img":{"alt_text":"","src":"https:\/\/i0.wp.com\/www.ronesans.org.tr\/v3\/wp-content\/uploads\/2017\/01\/logo_gofor.png?fit=400%2C400&resize=350%2C200","width":350,"height":200},"classes":[]},{"id":715,"url":"http:\/\/www.ronesans.org.tr\/v3\/en\/team\/","url_meta":{"origin":498,"position":2},"title":"The Team","date":"5 June 2015","format":false,"excerpt":"","rel":"","context":"Similar post","img":{"alt_text":"","src":"","width":0,"height":0},"classes":[]},{"id":877,"url":"http:\/\/www.ronesans.org.tr\/v3\/en\/values-principles\/","url_meta":{"origin":498,"position":3},"title":"Values &#038; Principles","date":"10 August 2015","format":false,"excerpt":"Our Values and Principles To be team player To be proactive To create synergy To be honest Seek first to understand then to be understood To be inclusive To care about team members To trust and be trusted To create win win relation To be non-profit To include young people\u2026","rel":"","context":"Similar post","img":{"alt_text":"","src":"https:\/\/i0.wp.com\/www.ronesans.org.tr\/v3\/wp-content\/uploads\/2015\/08\/url.jpg?fit=1200%2C675&resize=350%2C200","width":350,"height":200},"classes":[]},{"id":2,"url":"http:\/\/www.ronesans.org.tr\/v3\/en\/about-us\/","url_meta":{"origin":498,"position":4},"title":"Our Mission &#038; Vision","date":"4 March 2014","format":false,"excerpt":"Renaissance Institute is a Non-Governmental Organization which consists of individuals seeking to provide social added value for the sake of sustainable development through educational and innovative projects. Our members believe in the importance of social enterprises and voluntary organizations in terms of delivering good public services as they can be\u2026","rel":"","context":"With 1 comment","img":{"alt_text":"","src":"","width":0,"height":0},"classes":[]},{"id":564,"url":"http:\/\/www.ronesans.org.tr\/v3\/en\/training-courses\/","url_meta":{"origin":498,"position":5},"title":"For Individuals","date":"29 April 2015","format":false,"excerpt":"1- Trainings Courses \u00a0 Project Cycle Management, Entrepreneurship, Gender, Democracy, Social Inclusion, Active Citizenship, Human Rights, Unemployment, Participation 2-Seminars for experts to share and develop knowledge about NGOs, social work & youth work 3-\u00a0 Internships \u00a0 for young people interested in our field of areas","rel":"","context":"Similar post","img":{"alt_text":"","src":"https:\/\/i0.wp.com\/www.ronesans.org.tr\/v3\/wp-content\/uploads\/2015\/04\/sem.jpg?resize=350%2C200","width":350,"height":200},"classes":[]}],"_links":{"self":[{"href":"http:\/\/www.ronesans.org.tr\/v3\/wp-json\/wp\/v2\/pages\/498"}],"collection":[{"href":"http:\/\/www.ronesans.org.tr\/v3\/wp-json\/wp\/v2\/pages"}],"about":[{"href":"http:\/\/www.ronesans.org.tr\/v3\/wp-json\/wp\/v2\/types\/page"}],"author":[{"embeddable":true,"href":"http:\/\/www.ronesans.org.tr\/v3\/wp-json\/wp\/v2\/users\/1"}],"replies":[{"embeddable":true,"href":"http:\/\/www.ronesans.org.tr\/v3\/wp-json\/wp\/v2\/comments?post=498"}],"version-history":[{"count":5,"href":"http:\/\/www.ronesans.org.tr\/v3\/wp-json\/wp\/v2\/pages\/498\/revisions"}],"predecessor-version":[{"id":1678,"href":"http:\/\/www.ronesans.org.tr\/v3\/wp-json\/wp\/v2\/pages\/498\/revisions\/1678"}],"wp:attachment":[{"href":"http:\/\/www.ronesans.org.tr\/v3\/wp-json\/wp\/v2\/media?parent=498"}],"curies":[{"name":"wp","href":"https:\/\/api.w.org\/{rel}","templated":true}]}}