{"id":564,"date":"2015-04-29T20:37:10","date_gmt":"2015-04-29T17:37:10","guid":{"rendered":"http:\/\/renaissanceinstitute.eu\/v1\/?page_id=564"},"modified":"2022-03-06T18:45:44","modified_gmt":"2022-03-06T15:45:44","slug":"training-courses","status":"publish","type":"page","link":"http:\/\/www.ronesans.org.tr\/v3\/en\/training-courses\/","title":{"rendered":"For Individuals"},"content":{"rendered":"<table style=\"height: 106px;\" width=\"776\">\n<tbody>\n<tr>\n<td><a href=\"https:\/\/i0.wp.com\/www.ronesans.org.tr\/v3\/wp-content\/uploads\/2015\/04\/tr.jpg\"><img loading=\"lazy\" class=\"wp-image-628 \" src=\"https:\/\/i0.wp.com\/www.ronesans.org.tr\/v3\/wp-content\/uploads\/2015\/04\/tr.jpg?resize=364%2C258\" width=\"364\" height=\"258\" srcset=\"https:\/\/i0.wp.com\/www.ronesans.org.tr\/v3\/wp-content\/uploads\/2015\/04\/tr.jpg?w=412 412w, https:\/\/i0.wp.com\/www.ronesans.org.tr\/v3\/wp-content\/uploads\/2015\/04\/tr.jpg?resize=300%2C213 300w\" sizes=\"(max-width: 364px) 100vw, 364px\" data-recalc-dims=\"1\" \/><\/a><\/td>\n<td style=\"text-align: center;\">1-<strong> Trainings Courses<br \/><\/strong>\n<p>\u00a0<\/p>\n<p style=\"text-align: center;\">Project Cycle Management, Entrepreneurship, Gender, Democracy, Social Inclusion, Active Citizenship, Human Rights, Unemployment, Participation<\/p>\n<\/td>\n<\/tr>\n<\/tbody>\n<\/table>\n<table style=\"height: 166px;\" width=\"776\">\n<tbody>\n<tr>\n<td>\n<p style=\"text-align: center;\">2-<strong>Seminars<\/strong><\/p>\n<p style=\"text-aling: center;\">for experts to share and develop knowledge about NGOs, social work &amp; youth work<\/p>\n<\/td>\n<td style=\"text-align: center;\"><a href=\"https:\/\/i0.wp.com\/www.ronesans.org.tr\/v3\/wp-content\/uploads\/2015\/04\/sem.jpg\"><img loading=\"lazy\" class=\"aligncenter wp-image-630 size-full\" src=\"https:\/\/i0.wp.com\/www.ronesans.org.tr\/v3\/wp-content\/uploads\/2015\/04\/sem.jpg?resize=370%2C324\" width=\"370\" height=\"324\" srcset=\"https:\/\/i0.wp.com\/www.ronesans.org.tr\/v3\/wp-content\/uploads\/2015\/04\/sem.jpg?w=370 370w, https:\/\/i0.wp.com\/www.ronesans.org.tr\/v3\/wp-content\/uploads\/2015\/04\/sem.jpg?resize=300%2C263 300w\" sizes=\"(max-width: 370px) 100vw, 370px\" data-recalc-dims=\"1\" \/><\/a><\/td>\n<\/tr>\n<\/tbody>\n<\/table>\n<table style=\"height: 161px;\" width=\"776\">\n<tbody>\n<tr>\n<td><a href=\"https:\/\/i0.wp.com\/www.ronesans.org.tr\/v3\/wp-content\/uploads\/2015\/04\/partnership-building.jpg\"><img loading=\"lazy\" class=\"aligncenter wp-image-623 \" src=\"https:\/\/i0.wp.com\/www.ronesans.org.tr\/v3\/wp-content\/uploads\/2015\/04\/partnership-building.jpg?resize=219%2C223\" width=\"219\" height=\"223\" srcset=\"https:\/\/i0.wp.com\/www.ronesans.org.tr\/v3\/wp-content\/uploads\/2015\/04\/partnership-building.jpg?w=450 450w, https:\/\/i0.wp.com\/www.ronesans.org.tr\/v3\/wp-content\/uploads\/2015\/04\/partnership-building.jpg?resize=80%2C80 80w, https:\/\/i0.wp.com\/www.ronesans.org.tr\/v3\/wp-content\/uploads\/2015\/04\/partnership-building.jpg?resize=295%2C300 295w\" sizes=\"(max-width: 219px) 100vw, 219px\" data-recalc-dims=\"1\" \/><\/a><\/td>\n<td style=\"text-align: center;\">3-<strong>\u00a0 Internships <\/strong>\n<p>\u00a0<\/p>\n<p style=\"text-aling: center;\">for young people interested in our field of areas<\/p>\n<\/td>\n<\/tr>\n<\/tbody>\n<\/table>\n\n\n<p><\/p>\n","protected":false},"excerpt":{"rendered":"<p>1- Trainings Courses \u00a0 Project Cycle Management, Entrepreneurship, Gender, Democracy, Social Inclusion, Active Citizenship, Human Rights, Unemployment, Participation 2-Seminars for experts to share and develop knowledge about NGOs, social work &amp; youth work 3-\u00a0 Internships [&hellip;]<\/p>\n","protected":false},"author":6,"featured_media":0,"parent":0,"menu_order":0,"comment_status":"open","ping_status":"open","template":"","meta":{"spay_email":""},"jetpack_sharing_enabled":true,"jetpack-related-posts":[{"id":566,"url":"http:\/\/www.ronesans.org.tr\/v3\/en\/capacity-building\/","url_meta":{"origin":564,"position":0},"title":"For Institutions","date":"29 April 2015","format":false,"excerpt":"1- Capacity Building Activities such as: - Social Campaign Management, Fund Rising, Volunteer Management, Project Cycle Management, Human Resources Management, Social Media Management, Public Relations Management, Information- \u00a0 \u00a0Communication Technologies Management. 2- Social\u00a0Projects on: Stereotypes, Culture, Sports, Art, Gender,\u00a0Democracy & Participation, Entrepreneurship & Employability, Social Inclusion. 3- Partnership Building Activities\u2026","rel":"","context":"Similar post","img":{"alt_text":"","src":"https:\/\/i0.wp.com\/www.ronesans.org.tr\/v3\/wp-content\/uploads\/2015\/04\/consul.jpg?resize=350%2C200","width":350,"height":200},"classes":[]},{"id":134,"url":"http:\/\/www.ronesans.org.tr\/v3\/en\/servicesproducts\/","url_meta":{"origin":564,"position":1},"title":"Services\/Products","date":"7 July 2014","format":false,"excerpt":"A. Trainings Project Cycle Management, Entrepreneurship&Employment, Gender, Democracy & Participation, Social Inclusion, Human Rights, Volunteer Management, Fund Rising. B. Social\u00a0Projects Stereotypes, Culture, Sports, Art, Gender, Democracy & Participation, Entrepreneurship & Employability, Social Inclusion. C. Seminars D. Partnership Building Activities E. Internships F. European Voluntary Service G. Researches H. Consultancy","rel":"","context":"Similar post","img":{"alt_text":"","src":"","width":0,"height":0},"classes":[]},{"id":353,"url":"http:\/\/www.ronesans.org.tr\/v3\/en\/volunteering\/","url_meta":{"origin":564,"position":2},"title":"Volunteering","date":"13 December 2014","format":false,"excerpt":"\u00a0 Renaissance Institute offers volunteering chances to both professionals and young people by involving them into activities. \u00a0 For young people,\u00a0 the Institute offers youth exchanges, youth initiatives, european voluntary services and also participation chance to local\/regional activities.\u00a0 These young people are expected to be at the age of 18\u2026","rel":"","context":"Similar post","img":{"alt_text":"","src":"https:\/\/i0.wp.com\/www.ronesans.org.tr\/v3\/wp-content\/uploads\/2014\/12\/volunteering-e1321813484543.jpg?fit=730%2C365&resize=350%2C200","width":350,"height":200},"classes":[]},{"id":2,"url":"http:\/\/www.ronesans.org.tr\/v3\/en\/about-us\/","url_meta":{"origin":564,"position":3},"title":"Our Mission &#038; Vision","date":"4 March 2014","format":false,"excerpt":"Renaissance Institute is a Non-Governmental Organization which consists of individuals seeking to provide social added value for the sake of sustainable development through educational and innovative projects. Our members believe in the importance of social enterprises and voluntary organizations in terms of delivering good public services as they can be\u2026","rel":"","context":"With 1 comment","img":{"alt_text":"","src":"","width":0,"height":0},"classes":[]},{"id":22,"url":"http:\/\/www.ronesans.org.tr\/v3\/en\/contact\/","url_meta":{"origin":564,"position":4},"title":"Contact","date":"5 March 2014","format":false,"excerpt":"Renaissance Institute Registration Name: R\u00f6nesans Enstit\u00fcs\u00fc Derne\u011fi (Turkish) & Association of Renaissance Institute (English) National Registration Code: 06-111-020 Head Office Address: Fatih Mahallesi Vak\u0131f Caddesi Pilot Bnb. M. Oguz Sever Sokak No:1 Kahramankazan - ANKARA - T\u00dcRK\u0130YE 06980 E-mail: info@ronesans.org.tr Social Media: https:\/\/www.linkedin.com\/company\/5895503 https:\/\/www.instagram.com\/renaissance_tr https:\/\/www.facebook.com\/renaissancetr https:\/\/twitter.com\/renaissance_tr","rel":"","context":"Similar post","img":{"alt_text":"","src":"https:\/\/i0.wp.com\/www.ronesans.org.tr\/v3\/wp-content\/uploads\/2014\/03\/contact-us.jpg?fit=770%2C373&resize=350%2C200","width":350,"height":200},"classes":[]}],"_links":{"self":[{"href":"http:\/\/www.ronesans.org.tr\/v3\/wp-json\/wp\/v2\/pages\/564"}],"collection":[{"href":"http:\/\/www.ronesans.org.tr\/v3\/wp-json\/wp\/v2\/pages"}],"about":[{"href":"http:\/\/www.ronesans.org.tr\/v3\/wp-json\/wp\/v2\/types\/page"}],"author":[{"embeddable":true,"href":"http:\/\/www.ronesans.org.tr\/v3\/wp-json\/wp\/v2\/users\/6"}],"replies":[{"embeddable":true,"href":"http:\/\/www.ronesans.org.tr\/v3\/wp-json\/wp\/v2\/comments?post=564"}],"version-history":[{"count":30,"href":"http:\/\/www.ronesans.org.tr\/v3\/wp-json\/wp\/v2\/pages\/564\/revisions"}],"predecessor-version":[{"id":1981,"href":"http:\/\/www.ronesans.org.tr\/v3\/wp-json\/wp\/v2\/pages\/564\/revisions\/1981"}],"wp:attachment":[{"href":"http:\/\/www.ronesans.org.tr\/v3\/wp-json\/wp\/v2\/media?parent=564"}],"curies":[{"name":"wp","href":"https:\/\/api.w.org\/{rel}","templated":true}]}}