{"id":1935,"date":"2022-03-06T18:34:50","date_gmt":"2022-03-06T15:34:50","guid":{"rendered":"http:\/\/www.ronesans.org.tr\/v3\/?page_id=1935"},"modified":"2022-03-06T18:34:50","modified_gmt":"2022-03-06T15:34:50","slug":"genclik-orgutleri-forumu","status":"publish","type":"page","link":"https:\/\/www.ronesans.org.tr\/v3\/genclik-orgutleri-forumu\/","title":{"rendered":"Gen\u00e7lik \u00d6rg\u00fctleri Forumu"},"content":{"rendered":"<p>R\u00f6nesans Enstit\u00fcs\u00fc, 28 Ocak 2014 tarihinden bu yana Ulusal Gen\u00e7lik Konseyi olarak g\u00f6rev yapan T\u00fcrkiye Gen\u00e7lik \u00d6rg\u00fctleri Forumu&#8217;nun 28 kurucu \u00fcyesinden biridir. Aral\u0131k 2016&#8217;dan bu yana R\u00f6nesans Enstit\u00fcs\u00fc Derne\u011fi, Gen\u00e7lik \u00d6rg\u00fctleri Forumu&#8217;nun iki y\u0131l s\u00fcreyle y\u00f6netim kurulu \u00fcyesi olmu\u015ftur.<\/p>\n<p>\u0130lk olarak 2003 y\u0131l\u0131nda &#8220;T\u00fcrkiye Ulusal Gen\u00e7lik Konseyi Giri\u015fimi &#8211; T\u00dcGEK&#8221; olarak tan\u0131t\u0131lan Gen\u00e7lik \u00d6rg\u00fctleri Forumu (YOF), 2000&#8217;li y\u0131llar\u0131n ba\u015f\u0131nda kapsay\u0131c\u0131 bir ulusal gen\u00e7lik politikas\u0131 belgesinin haz\u0131rlanmas\u0131n\u0131n ard\u0131ndan \u00e7al\u0131\u015fmalar\u0131na ara verdi. Yakla\u015f\u0131k on y\u0131l sonra YOF, 7 gen\u00e7lik \u00f6rg\u00fct\u00fcn\u00fcn bir araya gelmesiyle \u00e7al\u0131\u015fmalar\u0131na yeniden ba\u015flad\u0131. Forumun temel amac\u0131, T\u00fcrkiye&#8217;deki gen\u00e7lerin haklar\u0131n\u0131 savunman\u0131n yan\u0131 s\u0131ra, ge\u00e7mi\u015fi ne olursa olsun t\u00fcm gen\u00e7leri kapsayan bir gen\u00e7lik politikas\u0131 haz\u0131rlamak ve politikan\u0131n uygulanmas\u0131n\u0131 izlemektir. Forum, 2013 y\u0131l\u0131 ba\u015f\u0131ndan bu yana d\u00fczenledi\u011fi yerel ve ulusal toplant\u0131larla geli\u015fmeye ve geni\u015flemeye devam ediyor. 1 \u015eubat 2014 itibar\u0131yla Avrupa Komisyonu T\u00fcrkiye Delegasyonu deste\u011fiyle &#8220;Senin Hakk\u0131n Gen\u00e7lik Hakk\u0131&#8221; projemiz Sivil D\u00fc\u015f\u00fcn Forum&#8217;un \u00e7al\u0131\u015fmalar\u0131n\u0131 ve geni\u015flemesini desteklemeyi ama\u00e7layan A\u011flar ve Platformlar Hibe Program\u0131 ba\u015flad\u0131.<\/p>\n<p>L\u00fctfen bu sayfalarda T\u00fcrk\u00e7e ve \u0130ngilizce ayr\u0131nt\u0131l\u0131 bilgileri bulabilirsiniz:<\/p>\n<p><a href=\"http:\/\/www.genchakli.org\/tr\/85\/GOFor-Hakkinda.html\">http:\/\/www.genchakli.org\/tr\/85\/GOFor-Hakkinda.html<\/a> (tr)<\/p>\n<p><a href=\"http:\/\/www.genchakli.org\/en\/54\/About-Forum.html\">http:\/\/www.genchakli.org\/en\/54\/About-Forum.html<\/a> (en)<\/p>\n","protected":false},"excerpt":{"rendered":"<p>R\u00f6nesans Enstit\u00fcs\u00fc, 28 Ocak 2014 tarihinden bu yana Ulusal Gen\u00e7lik Konseyi olarak g\u00f6rev yapan T\u00fcrkiye Gen\u00e7lik \u00d6rg\u00fctleri Forumu&#8217;nun 28 kurucu \u00fcyesinden biridir. Aral\u0131k 2016&#8217;dan bu yana R\u00f6nesans Enstit\u00fcs\u00fc Derne\u011fi, Gen\u00e7lik \u00d6rg\u00fctleri Forumu&#8217;nun iki y\u0131l s\u00fcreyle [&hellip;]<\/p>\n","protected":false},"author":1,"featured_media":1300,"parent":0,"menu_order":0,"comment_status":"closed","ping_status":"closed","template":"","meta":{"spay_email":""},"jetpack_sharing_enabled":true,"jetpack-related-posts":[{"id":1971,"url":"https:\/\/www.ronesans.org.tr\/v3\/misyonumuz-vizyonumuz\/","url_meta":{"origin":1935,"position":0},"title":"Misyonumuz &#038; Vizyonumuz","date":"6 March 2022","format":false,"excerpt":"R\u00f6nesans Enstit\u00fcs\u00fc, s\u00fcrd\u00fcr\u00fclebilir kalk\u0131nma ad\u0131na e\u011fitim ve yenilik\u00e7i projelerle toplumsal katma de\u011fer sa\u011flamaya \u00e7al\u0131\u015fan bireylerden olu\u015fan bir Sivil Toplum Kurulu\u015fudur. \u00dcyelerimiz, toplumlar\u0131 ile daha yak\u0131n ili\u015fkiler sayesinde hizmet sunumunda daha yenilik\u00e7i olabildikleri i\u00e7in, iyi kamu hizmetlerinin sunulmas\u0131 a\u00e7\u0131s\u0131ndan sosyal giri\u015fimlerin ve g\u00f6n\u00fcll\u00fc kurulu\u015flar\u0131n \u00f6nemine inanmaktad\u0131r. Bir Sivil Toplum Kurulu\u015fu olarak\u2026","rel":"","context":"Similar post","img":{"alt_text":"","src":"","width":0,"height":0},"classes":[]},{"id":1944,"url":"https:\/\/www.ronesans.org.tr\/v3\/gonulluluk\/","url_meta":{"origin":1935,"position":1},"title":"G\u00f6n\u00fcll\u00fcl\u00fck","date":"6 March 2022","format":false,"excerpt":"R\u00f6nesans Enstit\u00fcs\u00fc, hem profesyonelleri hem de gen\u00e7leri faaliyetlere dahil ederek g\u00f6n\u00fcll\u00fcl\u00fck \u015fans\u0131 sunuyor. \u00a0 Enstit\u00fc, gen\u00e7ler i\u00e7in gen\u00e7lik de\u011fi\u015fimleri, gen\u00e7lik giri\u015fimleri, avrupa g\u00f6n\u00fcll\u00fc hizmetleri ve ayr\u0131ca yerel\/b\u00f6lgesel etkinliklere kat\u0131l\u0131m \u015fans\u0131 sunmaktad\u0131r. Bu gen\u00e7lerin 18-30 ya\u015flar\u0131nda olmalar\u0131 ve sosyal alanda \u00e7al\u0131\u015fmaya motive olmalar\u0131 beklenmektedir. Gen\u00e7ler web i\u00e7erik edit\u00f6r\u00fc, sosyal medya y\u00f6netimi,\u2026","rel":"","context":"Similar post","img":{"alt_text":"","src":"https:\/\/i0.wp.com\/www.ronesans.org.tr\/v3\/wp-content\/uploads\/2014\/12\/volunteering-e1321813484543.jpg?fit=730%2C365&ssl=1&resize=350%2C200","width":350,"height":200},"classes":[]},{"id":1927,"url":"https:\/\/www.ronesans.org.tr\/v3\/genclik-hizmetleri\/","url_meta":{"origin":1935,"position":2},"title":"Gen\u00e7lik Hizmetleri","date":"6 March 2022","format":false,"excerpt":"Avrupa Dayan\u0131\u015fma Program\u0131 Gen\u00e7lik De\u011fi\u015fimleri Gen\u00e7lik Kat\u0131l\u0131m\u0131 Uluslararas\u0131 Seminer ve E\u011fitimler Kalk\u0131nma Projeleri Demokrasi Projeleri Ara\u015ft\u0131rmalar & Raporlar","rel":"","context":"Similar post","img":{"alt_text":"","src":"","width":0,"height":0},"classes":[]},{"id":1902,"url":"https:\/\/www.ronesans.org.tr\/v3\/iletisim\/","url_meta":{"origin":1935,"position":3},"title":"\u0130leti\u015fim","date":"6 March 2022","format":false,"excerpt":"R\u00f6nesans Enstit\u00fcs\u00fc Resmi Ad\u0131: R\u00f6nesans Enstit\u00fcs\u00fc Derne\u011fi K\u00fct\u00fck No: 06-111-020 Merkez Adresi: Fatih Mahallesi Vak\u0131f Caddesi Pilot Bnb. M. Oguz Sever Sokak No:1 Kahramankazan - ANKARA - T\u00dcRK\u0130YE 06980 Social Media: https:\/\/www.linkedin.com\/company\/5895503 https:\/\/www.instagram.com\/renaissance_tr https:\/\/www.facebook.com\/renaissancetr https:\/\/twitter.com\/renaissance_tr E-posta: info@ronesans.org.tr","rel":"","context":"Similar post","img":{"alt_text":"","src":"https:\/\/i0.wp.com\/www.ronesans.org.tr\/v3\/wp-content\/uploads\/2014\/03\/contact-us.jpg?fit=770%2C373&ssl=1&resize=350%2C200","width":350,"height":200},"classes":[]},{"id":1945,"url":"https:\/\/www.ronesans.org.tr\/v3\/desteginiz-onemli\/","url_meta":{"origin":1935,"position":4},"title":"Deste\u011finiz \u00f6nemli","date":"6 March 2022","format":false,"excerpt":"Uluslararas\u0131 d\u00fczeyde topluma hizmet eden programlar\u0131m\u0131z\u0131 her zaman destekleyebilirsiniz. A\u015fa\u011f\u0131daki i\u015flem y\u00f6ntemlerini kullanarak hizmetlerimizi g\u00fcvenli bir \u015fekilde ba\u011f\u0131\u015flayabilirsiniz.","rel":"","context":"Similar post","img":{"alt_text":"","src":"","width":0,"height":0},"classes":[]},{"id":1933,"url":"https:\/\/www.ronesans.org.tr\/v3\/1933-2\/","url_meta":{"origin":1935,"position":5},"title":"Projemiz Do it for Youth","date":"6 March 2022","format":false,"excerpt":"DO it for the Youth, Erasmus Plus Program\u0131 arac\u0131l\u0131\u011f\u0131yla Avrupa Komisyonu taraf\u0131ndan ortak finanse edilen bir projedir ve ortak STK'lar\u0131n gen\u00e7leri (personel, g\u00f6n\u00fcll\u00fcler ve yararlan\u0131c\u0131lar) s\u00fcrece dahil ederek \u00d6rg\u00fctsel Geli\u015fim Stratejilerini geli\u015ftirme ve uygulamaya koyma kapasitesini geli\u015ftirmeyi ama\u00e7lamaktad\u0131r. gen\u00e7leri ilgilendiren konularda (aktif vatanda\u015fl\u0131k, k\u00fclt\u00fcrleraras\u0131 diyalog, sosyal i\u00e7erme ve i\u015fg\u00fcc\u00fc piyasas\u0131na\u2026","rel":"","context":"Similar post","img":{"alt_text":"","src":"","width":0,"height":0},"classes":[]}],"_links":{"self":[{"href":"https:\/\/www.ronesans.org.tr\/v3\/wp-json\/wp\/v2\/pages\/1935"}],"collection":[{"href":"https:\/\/www.ronesans.org.tr\/v3\/wp-json\/wp\/v2\/pages"}],"about":[{"href":"https:\/\/www.ronesans.org.tr\/v3\/wp-json\/wp\/v2\/types\/page"}],"author":[{"embeddable":true,"href":"https:\/\/www.ronesans.org.tr\/v3\/wp-json\/wp\/v2\/users\/1"}],"replies":[{"embeddable":true,"href":"https:\/\/www.ronesans.org.tr\/v3\/wp-json\/wp\/v2\/comments?post=1935"}],"version-history":[{"count":1,"href":"https:\/\/www.ronesans.org.tr\/v3\/wp-json\/wp\/v2\/pages\/1935\/revisions"}],"predecessor-version":[{"id":1941,"href":"https:\/\/www.ronesans.org.tr\/v3\/wp-json\/wp\/v2\/pages\/1935\/revisions\/1941"}],"wp:featuredmedia":[{"embeddable":true,"href":"https:\/\/www.ronesans.org.tr\/v3\/wp-json\/wp\/v2\/media\/1300"}],"wp:attachment":[{"href":"https:\/\/www.ronesans.org.tr\/v3\/wp-json\/wp\/v2\/media?parent=1935"}],"curies":[{"name":"wp","href":"https:\/\/api.w.org\/{rel}","templated":true}]}}