{"id":1970,"date":"2022-03-06T18:57:06","date_gmt":"2022-03-06T15:57:06","guid":{"rendered":"http:\/\/www.ronesans.org.tr\/v3\/?page_id=1970"},"modified":"2022-03-06T18:57:06","modified_gmt":"2022-03-06T15:57:06","slug":"kurumlar-icin","status":"publish","type":"page","link":"https:\/\/www.ronesans.org.tr\/v3\/kurumlar-icin\/","title":{"rendered":"Kurumlar i\u00e7in"},"content":{"rendered":"<table>\n<tbody>\n<tr>\n<td><a href=\"https:\/\/i0.wp.com\/www.ronesans.org.tr\/v3\/wp-content\/uploads\/2015\/04\/capacity-building.jpg\"><img loading=\"lazy\" class=\"aligncenter wp-image-619 size-full\" src=\"https:\/\/i0.wp.com\/www.ronesans.org.tr\/v3\/wp-content\/uploads\/2015\/04\/capacity-building.jpg?resize=600%2C598\" width=\"600\" height=\"598\" srcset=\"https:\/\/i0.wp.com\/www.ronesans.org.tr\/v3\/wp-content\/uploads\/2015\/04\/capacity-building.jpg?w=600&amp;ssl=1 600w, https:\/\/i0.wp.com\/www.ronesans.org.tr\/v3\/wp-content\/uploads\/2015\/04\/capacity-building.jpg?resize=80%2C80&amp;ssl=1 80w, https:\/\/i0.wp.com\/www.ronesans.org.tr\/v3\/wp-content\/uploads\/2015\/04\/capacity-building.jpg?resize=300%2C300&amp;ssl=1 300w\" sizes=\"(max-width: 600px) 100vw, 600px\" data-recalc-dims=\"1\" \/><\/a><\/td>\n<td>1- Kapasite Geli\u015ftirme Faaliyetleri, \u00f6rne\u011fin:<br \/>\n&nbsp;<\/p>\n<p>&#8211; Sosyal Kampanya Y\u00f6netimi, Fon Toplama, G\u00f6n\u00fcll\u00fc Y\u00f6netimi, Proje D\u00f6ng\u00fcs\u00fc Y\u00f6netimi, \u0130nsan Kaynaklar\u0131 Y\u00f6netimi, Sosyal Medya Y\u00f6netimi, Halkla \u0130li\u015fkiler Y\u00f6netimi, Bilgi- \u00a0 \u00a0\u0130leti\u015fim Teknolojileri Y\u00f6netimi.<\/td>\n<\/tr>\n<\/tbody>\n<\/table>\n<table>\n<tbody>\n<tr>\n<td>2- Sosyal\u00a0Projeler:<strong><br \/>\n<\/strong><\/p>\n<p>Stereotipler, K\u00fclt\u00fcr, Spor, Sanat, Cinsiyet,\u00a0Demokrasi ve Kat\u0131l\u0131m, Giri\u015fimcilik ve \u0130stihdam Edilebilirlik, Sosyal \u0130\u00e7erme.<\/td>\n<td><a href=\"https:\/\/i0.wp.com\/www.ronesans.org.tr\/v3\/wp-content\/uploads\/2015\/04\/social-project.jpg\"><img loading=\"lazy\" class=\"aligncenter wp-image-621 size-full\" src=\"https:\/\/i0.wp.com\/www.ronesans.org.tr\/v3\/wp-content\/uploads\/2015\/04\/social-project.jpg?resize=300%2C300\" width=\"300\" height=\"300\" srcset=\"https:\/\/i0.wp.com\/www.ronesans.org.tr\/v3\/wp-content\/uploads\/2015\/04\/social-project.jpg?w=300&amp;ssl=1 300w, https:\/\/i0.wp.com\/www.ronesans.org.tr\/v3\/wp-content\/uploads\/2015\/04\/social-project.jpg?resize=80%2C80&amp;ssl=1 80w\" sizes=\"(max-width: 300px) 100vw, 300px\" data-recalc-dims=\"1\" \/><\/a><\/td>\n<\/tr>\n<\/tbody>\n<\/table>\n<table width=\"825\">\n<tbody>\n<tr>\n<td><a href=\"https:\/\/i0.wp.com\/www.ronesans.org.tr\/v3\/wp-content\/uploads\/2015\/04\/partnership-building.jpg\"><img loading=\"lazy\" class=\"aligncenter wp-image-623 \" src=\"https:\/\/i0.wp.com\/www.ronesans.org.tr\/v3\/wp-content\/uploads\/2015\/04\/partnership-building.jpg?resize=266%2C271\" width=\"266\" height=\"271\" srcset=\"https:\/\/i0.wp.com\/www.ronesans.org.tr\/v3\/wp-content\/uploads\/2015\/04\/partnership-building.jpg?w=450&amp;ssl=1 450w, https:\/\/i0.wp.com\/www.ronesans.org.tr\/v3\/wp-content\/uploads\/2015\/04\/partnership-building.jpg?resize=295%2C300&amp;ssl=1 295w\" sizes=\"(max-width: 266px) 100vw, 266px\" data-recalc-dims=\"1\" \/><\/a><\/td>\n<td>3- Ortakl\u0131k Kurma Faaliyetleri<br \/>\n&nbsp;<\/p>\n<p>Tematik A\u011f Olu\u015fturma Etkinlikleri, Sekt\u00f6rler Aras\u0131 \u0130ttifaklar<\/td>\n<\/tr>\n<\/tbody>\n<\/table>\n<table width=\"824\">\n<tbody>\n<tr>\n<td>4- \u00a0Sosyal\u00a0Ara\u015ft\u0131rmalar<\/p>\n<p>Nitel Ara\u015ft\u0131rmalar,\u00a0Niceliksel Ara\u015ft\u0131rmalar<\/td>\n<td><strong><a href=\"https:\/\/i0.wp.com\/www.ronesans.org.tr\/v3\/wp-content\/uploads\/2017\/01\/survey.jpg\"><img loading=\"lazy\" class=\"aligncenter wp-image-1295 size-full\" src=\"https:\/\/i0.wp.com\/www.ronesans.org.tr\/v3\/wp-content\/uploads\/2017\/01\/survey.jpg?resize=302%2C167\" width=\"302\" height=\"167\" srcset=\"https:\/\/i0.wp.com\/www.ronesans.org.tr\/v3\/wp-content\/uploads\/2017\/01\/survey.jpg?w=302&amp;ssl=1 302w, https:\/\/i0.wp.com\/www.ronesans.org.tr\/v3\/wp-content\/uploads\/2017\/01\/survey.jpg?resize=300%2C166&amp;ssl=1 300w\" sizes=\"(max-width: 302px) 100vw, 302px\" data-recalc-dims=\"1\" \/><\/a><\/strong><\/td>\n<\/tr>\n<\/tbody>\n<\/table>\n<table width=\"823\">\n<tbody>\n<tr>\n<td><strong><a href=\"https:\/\/i0.wp.com\/www.ronesans.org.tr\/v3\/wp-content\/uploads\/2015\/04\/consul.jpg\"><img loading=\"lazy\" class=\"aligncenter wp-image-624 \" src=\"https:\/\/i0.wp.com\/www.ronesans.org.tr\/v3\/wp-content\/uploads\/2015\/04\/consul.jpg?resize=309%2C200\" width=\"309\" height=\"200\" srcset=\"https:\/\/i0.wp.com\/www.ronesans.org.tr\/v3\/wp-content\/uploads\/2015\/04\/consul.jpg?w=1224&amp;ssl=1 1224w, https:\/\/i0.wp.com\/www.ronesans.org.tr\/v3\/wp-content\/uploads\/2015\/04\/consul.jpg?resize=300%2C194&amp;ssl=1 300w, https:\/\/i0.wp.com\/www.ronesans.org.tr\/v3\/wp-content\/uploads\/2015\/04\/consul.jpg?resize=1030%2C666&amp;ssl=1 1030w\" sizes=\"(max-width: 309px) 100vw, 309px\" data-recalc-dims=\"1\" \/><\/a><\/strong><\/td>\n<td>5-\u00a0<strong>Dan\u0131\u015fmanl\u0131k<\/strong><\/td>\n<\/tr>\n<\/tbody>\n<\/table>\n","protected":false},"excerpt":{"rendered":"<p>1- Kapasite Geli\u015ftirme Faaliyetleri, \u00f6rne\u011fin: &nbsp; &#8211; Sosyal Kampanya Y\u00f6netimi, Fon Toplama, G\u00f6n\u00fcll\u00fc Y\u00f6netimi, Proje D\u00f6ng\u00fcs\u00fc Y\u00f6netimi, \u0130nsan Kaynaklar\u0131 Y\u00f6netimi, Sosyal Medya Y\u00f6netimi, Halkla \u0130li\u015fkiler Y\u00f6netimi, Bilgi- \u00a0 \u00a0\u0130leti\u015fim Teknolojileri Y\u00f6netimi. 2- Sosyal\u00a0Projeler: Stereotipler, K\u00fclt\u00fcr, [&hellip;]<\/p>\n","protected":false},"author":4,"featured_media":0,"parent":0,"menu_order":0,"comment_status":"open","ping_status":"open","template":"","meta":{"spay_email":""},"jetpack_sharing_enabled":true,"jetpack-related-posts":[{"id":1952,"url":"https:\/\/www.ronesans.org.tr\/v3\/1952-2\/","url_meta":{"origin":1970,"position":0},"title":"Hizmetler","date":"6 March 2022","format":false,"excerpt":"A. E\u011fitimler Proje D\u00f6ng\u00fcs\u00fc Y\u00f6netimi, Giri\u015fimcilik ve \u0130stihdam, Toplumsal Cinsiyet, Demokrasi ve Kat\u0131l\u0131m, Sosyal \u0130\u00e7erme, \u0130nsan Haklar\u0131, G\u00f6n\u00fcll\u00fc Y\u00f6netimi, Fon Art\u0131\u015f\u0131. B. Sosyal\u00a0Projeler Stereotipler, K\u00fclt\u00fcr, Spor, Sanat, Cinsiyet, Demokrasi ve Kat\u0131l\u0131m, Giri\u015fimcilik ve \u0130stihdam Edilebilirlik, Sosyal \u0130\u00e7erme. C. Seminerler D. Ortakl\u0131k Olu\u015fturma Faaliyetleri E. Stajlar F. Avrupa G\u00f6n\u00fcll\u00fc Hizmeti G.\u2026","rel":"","context":"Similar post","img":{"alt_text":"","src":"","width":0,"height":0},"classes":[]},{"id":1944,"url":"https:\/\/www.ronesans.org.tr\/v3\/gonulluluk\/","url_meta":{"origin":1970,"position":1},"title":"G\u00f6n\u00fcll\u00fcl\u00fck","date":"6 March 2022","format":false,"excerpt":"R\u00f6nesans Enstit\u00fcs\u00fc, hem profesyonelleri hem de gen\u00e7leri faaliyetlere dahil ederek g\u00f6n\u00fcll\u00fcl\u00fck \u015fans\u0131 sunuyor. \u00a0 Enstit\u00fc, gen\u00e7ler i\u00e7in gen\u00e7lik de\u011fi\u015fimleri, gen\u00e7lik giri\u015fimleri, avrupa g\u00f6n\u00fcll\u00fc hizmetleri ve ayr\u0131ca yerel\/b\u00f6lgesel etkinliklere kat\u0131l\u0131m \u015fans\u0131 sunmaktad\u0131r. Bu gen\u00e7lerin 18-30 ya\u015flar\u0131nda olmalar\u0131 ve sosyal alanda \u00e7al\u0131\u015fmaya motive olmalar\u0131 beklenmektedir. Gen\u00e7ler web i\u00e7erik edit\u00f6r\u00fc, sosyal medya y\u00f6netimi,\u2026","rel":"","context":"Similar post","img":{"alt_text":"","src":"https:\/\/i0.wp.com\/www.ronesans.org.tr\/v3\/wp-content\/uploads\/2014\/12\/volunteering-e1321813484543.jpg?fit=730%2C365&ssl=1&resize=350%2C200","width":350,"height":200},"classes":[]},{"id":1982,"url":"https:\/\/www.ronesans.org.tr\/v3\/bireyler-icin\/","url_meta":{"origin":1970,"position":2},"title":"Bireyler \u0130\u00e7in","date":"6 March 2022","format":false,"excerpt":"1- E\u011fitim Kurslar\u0131 Proje D\u00f6ng\u00fcs\u00fc Y\u00f6netimi E\u011fitimi, Giri\u015fimcilik E\u011fitimi, Demokrasi E\u011fitimi, Sosyal Dahil Etme, Aktif Vatanda\u015fl\u0131k, \u0130nsan Haklar\u0131, \u0130stihdam ve Kat\u0131l\u0131m 2-Seminerler Sivil Alanda uzmanl\u0131k geli\u015ftirmek i\u00e7in seminerler ve toplant\u0131lar 3-\u00a0 Staj gen\u00e7ler i\u00e7in mesleki geli\u015fim stajlar\u0131","rel":"","context":"Similar post","img":{"alt_text":"","src":"https:\/\/i0.wp.com\/www.ronesans.org.tr\/v3\/wp-content\/uploads\/2015\/04\/tr.jpg?resize=350%2C200","width":350,"height":200},"classes":[]},{"id":1971,"url":"https:\/\/www.ronesans.org.tr\/v3\/misyonumuz-vizyonumuz\/","url_meta":{"origin":1970,"position":3},"title":"Misyonumuz &#038; Vizyonumuz","date":"6 March 2022","format":false,"excerpt":"R\u00f6nesans Enstit\u00fcs\u00fc, s\u00fcrd\u00fcr\u00fclebilir kalk\u0131nma ad\u0131na e\u011fitim ve yenilik\u00e7i projelerle toplumsal katma de\u011fer sa\u011flamaya \u00e7al\u0131\u015fan bireylerden olu\u015fan bir Sivil Toplum Kurulu\u015fudur. \u00dcyelerimiz, toplumlar\u0131 ile daha yak\u0131n ili\u015fkiler sayesinde hizmet sunumunda daha yenilik\u00e7i olabildikleri i\u00e7in, iyi kamu hizmetlerinin sunulmas\u0131 a\u00e7\u0131s\u0131ndan sosyal giri\u015fimlerin ve g\u00f6n\u00fcll\u00fc kurulu\u015flar\u0131n \u00f6nemine inanmaktad\u0131r. Bir Sivil Toplum Kurulu\u015fu olarak\u2026","rel":"","context":"Similar post","img":{"alt_text":"","src":"","width":0,"height":0},"classes":[]},{"id":1933,"url":"https:\/\/www.ronesans.org.tr\/v3\/1933-2\/","url_meta":{"origin":1970,"position":4},"title":"Projemiz Do it for Youth","date":"6 March 2022","format":false,"excerpt":"DO it for the Youth, Erasmus Plus Program\u0131 arac\u0131l\u0131\u011f\u0131yla Avrupa Komisyonu taraf\u0131ndan ortak finanse edilen bir projedir ve ortak STK'lar\u0131n gen\u00e7leri (personel, g\u00f6n\u00fcll\u00fcler ve yararlan\u0131c\u0131lar) s\u00fcrece dahil ederek \u00d6rg\u00fctsel Geli\u015fim Stratejilerini geli\u015ftirme ve uygulamaya koyma kapasitesini geli\u015ftirmeyi ama\u00e7lamaktad\u0131r. gen\u00e7leri ilgilendiren konularda (aktif vatanda\u015fl\u0131k, k\u00fclt\u00fcrleraras\u0131 diyalog, sosyal i\u00e7erme ve i\u015fg\u00fcc\u00fc piyasas\u0131na\u2026","rel":"","context":"Similar post","img":{"alt_text":"","src":"","width":0,"height":0},"classes":[]},{"id":1939,"url":"https:\/\/www.ronesans.org.tr\/v3\/projemiz-do-it-for-the-youth\/","url_meta":{"origin":1970,"position":5},"title":"Projemiz Do it for the Youth","date":"6 March 2022","format":false,"excerpt":"DO it for the Youth , Erasmus Plus Program\u0131 arac\u0131l\u0131\u011f\u0131yla Avrupa Komisyonu taraf\u0131ndan ortak finanse edilen bir projedir ve ortak STK'lar\u0131n gen\u00e7leri (personel, g\u00f6n\u00fcll\u00fcler ve yararlan\u0131c\u0131lar) s\u00fcrece dahil ederek \u00d6rg\u00fctsel Geli\u015fim Stratejilerini geli\u015ftirme ve uygulamaya koyma kapasitesini geli\u015ftirmeyi ama\u00e7lamaktad\u0131r. gen\u00e7leri ilgilendiren konularda (aktif vatanda\u015fl\u0131k, k\u00fclt\u00fcrleraras\u0131 diyalog, sosyal i\u00e7erme ve i\u015fg\u00fcc\u00fc\u2026","rel":"","context":"Similar post","img":{"alt_text":"","src":"","width":0,"height":0},"classes":[]}],"_links":{"self":[{"href":"https:\/\/www.ronesans.org.tr\/v3\/wp-json\/wp\/v2\/pages\/1970"}],"collection":[{"href":"https:\/\/www.ronesans.org.tr\/v3\/wp-json\/wp\/v2\/pages"}],"about":[{"href":"https:\/\/www.ronesans.org.tr\/v3\/wp-json\/wp\/v2\/types\/page"}],"author":[{"embeddable":true,"href":"https:\/\/www.ronesans.org.tr\/v3\/wp-json\/wp\/v2\/users\/4"}],"replies":[{"embeddable":true,"href":"https:\/\/www.ronesans.org.tr\/v3\/wp-json\/wp\/v2\/comments?post=1970"}],"version-history":[{"count":1,"href":"https:\/\/www.ronesans.org.tr\/v3\/wp-json\/wp\/v2\/pages\/1970\/revisions"}],"predecessor-version":[{"id":1972,"href":"https:\/\/www.ronesans.org.tr\/v3\/wp-json\/wp\/v2\/pages\/1970\/revisions\/1972"}],"wp:attachment":[{"href":"https:\/\/www.ronesans.org.tr\/v3\/wp-json\/wp\/v2\/media?parent=1970"}],"curies":[{"name":"wp","href":"https:\/\/api.w.org\/{rel}","templated":true}]}}